{"id":959,"date":"2026-02-24T08:50:33","date_gmt":"2026-02-24T08:50:33","guid":{"rendered":"https:\/\/www.drj-solutions.fr\/?page_id=959"},"modified":"2026-04-13T12:13:10","modified_gmt":"2026-04-13T12:13:10","slug":"qui-sommes-nous-v2","status":"publish","type":"page","link":"https:\/\/www.drj-solutions.fr\/index.php\/qui-sommes-nous-v2\/","title":{"rendered":"QUI SOMMES-NOUS"},"content":{"rendered":"\n[et_pb_section fb_built=\u00a0\u00bb1&Prime; admin_label=\u00a0\u00bbHeader\u00a0\u00bb _builder_version=\u00a0\u00bb4.19.2&Prime; _module_preset=\u00a0\u00bbdefault\u00a0\u00bb overflow-x=\u00a0\u00bbhidden\u00a0\u00bb overflow-y=\u00a0\u00bbhidden\u00a0\u00bb custom_padding=\u00a0\u00bb0px||0px||true|false\u00a0\u00bb collapsed=\u00a0\u00bbon\u00a0\u00bb global_colors_info=\u00a0\u00bb{}\u00a0\u00bb][et_pb_row column_structure=\u00a0\u00bb1_2,1_2&Prime; _builder_version=\u00a0\u00bb4.19.2&Prime; _module_preset=\u00a0\u00bbdefault\u00a0\u00bb custom_padding=\u00a0\u00bb0px||||false|false\u00a0\u00bb global_colors_info=\u00a0\u00bb{}\u00a0\u00bb][et_pb_column type=\u00a0\u00bb1_2&Prime; _builder_version=\u00a0\u00bb4.19.2&Prime; _module_preset=\u00a0\u00bbdefault\u00a0\u00bb custom_padding=\u00a0\u00bb8vw||||false|false\u00a0\u00bb custom_padding_tablet=\u00a0\u00bb||||false|false\u00a0\u00bb custom_padding_phone=\u00a0\u00bb0vw||||false|false\u00a0\u00bb custom_padding_last_edited=\u00a0\u00bboff|desktop\u00a0\u00bb global_colors_info=\u00a0\u00bb{}\u00a0\u00bb][et_pb_text _builder_version=\u00a0\u00bb4.27.4&Prime; _module_preset=\u00a0\u00bbc4f40d84-366b-4a5f-827c-143dd5bdeffd\u00a0\u00bb global_colors_info=\u00a0\u00bb{}\u00a0\u00bb]<h1>A propos<\/h1>[\/et_pb_text][et_pb_text _builder_version=\u00a0\u00bb4.27.4&Prime; _module_preset=\u00a0\u00bb71374c2d-6665-4a2b-b66e-080ce049ed0e\u00a0\u00bb text_text_color=\u00a0\u00bb#FFFFFF\u00a0\u00bb background_color=\u00a0\u00bb#7F7F7F\u00a0\u00bb custom_padding=\u00a0\u00bb40px|40px|40px|40px|true|true\u00a0\u00bb custom_padding_tablet=\u00a0\u00bb30px|30px|30px|30px|true|true\u00a0\u00bb custom_padding_phone=\u00a0\u00bb20px|20px|20px|20px|true|true\u00a0\u00bb custom_padding_last_edited=\u00a0\u00bbon|desktop\u00a0\u00bb global_colors_info=\u00a0\u00bb{}\u00a0\u00bb]<p><span>Fond\u00e9 par Florent De Araujo, DRJ Solutions se positionne comme un acteur cl\u00e9 de la r\u00e9gion Mart\u00e9gale <\/span>en r\u00e9pondant aux besoins sur les sites industriels et p\u00e9trochimiques. Chez DRJ Solutions nous avons \u00e0 coeur de rester une entreprise authentique et humaine.<\/p>\n<p>Toujours en recherche d&rsquo;am\u00e9lioration, nous developpons nos certifications et ressources pour r\u00e9pondre au mieux \u00e0 nos clients et maintenir notre niveau de performance.\u00a0<\/p>[\/et_pb_text][\/et_pb_column][et_pb_column type=\u00a0\u00bb1_2&Prime; _builder_version=\u00a0\u00bb4.19.2&Prime; _module_preset=\u00a0\u00bbdefault\u00a0\u00bb global_colors_info=\u00a0\u00bb{}\u00a0\u00bb][et_pb_image src=\u00a0\u00bbhttps:\/\/www.drj-solutions.fr\/wp-content\/uploads\/2026\/01\/IMG_1338.jpg\u00a0\u00bb title_text=\u00a0\u00bbEntreprise_DRJSolutions\u00a0\u00bb force_fullwidth=\u00a0\u00bbon\u00a0\u00bb _builder_version=\u00a0\u00bb4.27.4&Prime; _module_preset=\u00a0\u00bbdefault\u00a0\u00bb custom_margin=\u00a0\u00bb|-30vw|0px||false|false\u00a0\u00bb custom_margin_tablet=\u00a0\u00bb|0vw|0px||false|false\u00a0\u00bb custom_margin_phone=\u00a0\u00bb|0vw|0px||false|false\u00a0\u00bb custom_margin_last_edited=\u00a0\u00bbon|tablet\u00a0\u00bb global_colors_info=\u00a0\u00bb{}\u00a0\u00bb][\/et_pb_image][et_pb_image src=\u00a0\u00bbhttps:\/\/www.drj-solutions.fr\/wp-content\/uploads\/2025\/12\/DRJ-Solutions-theme-2-Photoroom.png\u00a0\u00bb title_text=\u00a0\u00bbDRJ Solutions theme -2-Photoroom\u00a0\u00bb align=\u00a0\u00bbright\u00a0\u00bb _builder_version=\u00a0\u00bb4.27.4&Prime; _module_preset=\u00a0\u00bbdefault\u00a0\u00bb width=\u00a0\u00bb55%\u00a0\u00bb custom_margin=\u00a0\u00bb-28%|-151px|||false|false\u00a0\u00bb global_colors_info=\u00a0\u00bb{}\u00a0\u00bb][\/et_pb_image][\/et_pb_column][\/et_pb_row][\/et_pb_section][et_pb_section fb_built=\u00a0\u00bb1&Prime; admin_label=\u00a0\u00bbAbout\u00a0\u00bb _builder_version=\u00a0\u00bb4.19.2&Prime; _module_preset=\u00a0\u00bbdefault\u00a0\u00bb custom_padding=\u00a0\u00bb||90px||false|false\u00a0\u00bb collapsed=\u00a0\u00bbon\u00a0\u00bb global_colors_info=\u00a0\u00bb{}\u00a0\u00bb][et_pb_row _builder_version=\u00a0\u00bb4.19.2&Prime; _module_preset=\u00a0\u00bbdefault\u00a0\u00bb global_colors_info=\u00a0\u00bb{}\u00a0\u00bb][et_pb_column type=\u00a0\u00bb4_4&Prime; _builder_version=\u00a0\u00bb4.19.2&Prime; _module_preset=\u00a0\u00bbdefault\u00a0\u00bb global_colors_info=\u00a0\u00bb{}\u00a0\u00bb][et_pb_text _builder_version=\u00a0\u00bb4.27.4&Prime; _module_preset=\u00a0\u00bbe7c02b67-8a9d-4e0b-bae6-f734d3b99e70&Prime; global_colors_info=\u00a0\u00bb{}\u00a0\u00bb]<h2 data-start=\"2026\" data-end=\"2058\"><strong data-start=\"2029\" data-end=\"2058\">Entreprise &amp; valeurs<\/strong><\/h2>[\/et_pb_text][et_pb_text _builder_version=\u00a0\u00bb4.27.4&Prime; _module_preset=\u00a0\u00bb71374c2d-6665-4a2b-b66e-080ce049ed0e\u00a0\u00bb global_colors_info=\u00a0\u00bb{}\u00a0\u00bb]<h2 data-start=\"797\" data-end=\"865\"><strong data-start=\"800\" data-end=\"865\">Au service de la performance<\/strong><\/h2>\n<p data-start=\"867\" data-end=\"1203\">Nous nous construsons autour de savoirs technique solide et d\u2019une parfaite compr\u00e9hension des contraintes industrielles.<br data-start=\"1002\" data-end=\"1005\" \/>Notre r\u00f4le ne se limite pas \u00e0 l\u2019application de rev\u00eatements : nous agissons comme un <strong data-start=\"1089\" data-end=\"1123\">v\u00e9ritable partenaire technique<\/strong>, capable de recommander les solutions les plus adapt\u00e9es \u00e0 chaque environnement.<\/p>\n<h3 data-start=\"2060\" data-end=\"2095\"><strong data-start=\"2064\" data-end=\"2095\">La s\u00e9curit\u00e9 avant tout<\/strong><\/h3>\n<p data-start=\"2096\" data-end=\"2282\">Nous appliquons les proc\u00e9dures l\u00e9gales pour prot\u00e9ger nos \u00e9quipes, nos clients et les installations industrielles sur lesquelles nous intervenons.<strong data-start=\"2293\" data-end=\"2338\"><\/strong><\/p>\n<p data-start=\"2096\" data-end=\"2282\">Le domaine industrielles ne laisse pas la place \u00e0 l&rsquo;imprecision, c&rsquo;est pourquoi nous employons des <strong>m\u00e9thodes fiables<\/strong> et <strong>respectueuses de normes<\/strong> en vigueur.<\/p>\n<h3 data-start=\"2289\" data-end=\"2338\"><strong data-start=\"2293\" data-end=\"2338\">La qualit\u00e9 comme exigence permanente<\/strong><\/h3>\n<p data-start=\"2556\" data-end=\"2663\">Pour accompagner nos clients et \u00a0garantir des <strong data-start=\"2591\" data-end=\"2613\">r\u00e9sultats durables<\/strong>, conformes aux attentes techniques et normatives, nous \u00e9coutons, co-construisons leurs projets. Nous avons a coeur de collaborer sur la dur\u00e9e avec nos clients pour maintenir une continuit\u00e9 des services et maitriser la qualit\u00e9 sur le long terme.<\/p>\n<h3 data-start=\"2954\" data-end=\"2996\"><strong data-start=\"2958\" data-end=\"2996\">La proximit\u00e9 et la r\u00e9activit\u00e9<\/strong><\/h3>\n<p data-start=\"2997\" data-end=\"3263\">Entreprise \u00e0 taille humaine, nous privil\u00e9gions une relation directe avec nos clients. Nous collaborons avec nos clients sans interm\u00e9diaire pour maintenir les d\u00e9lais impartis.\u00a0<\/p>[\/et_pb_text][\/et_pb_column][\/et_pb_row][\/et_pb_section][et_pb_section fb_built=\u00a0\u00bb1&Prime; admin_label=\u00a0\u00bbService\u00a0\u00bb _builder_version=\u00a0\u00bb4.19.2&Prime; _module_preset=\u00a0\u00bbdefault\u00a0\u00bb background_color=\u00a0\u00bb#CBCECF\u00a0\u00bb custom_padding=\u00a0\u00bb0px||0px||true|false\u00a0\u00bb collapsed=\u00a0\u00bbon\u00a0\u00bb global_colors_info=\u00a0\u00bb{}\u00a0\u00bb][et_pb_row column_structure=\u00a0\u00bb3_5,2_5&Prime; _builder_version=\u00a0\u00bb4.19.2&Prime; _module_preset=\u00a0\u00bbdefault\u00a0\u00bb custom_padding=\u00a0\u00bb0px||||false|false\u00a0\u00bb global_colors_info=\u00a0\u00bb{}\u00a0\u00bb][et_pb_column type=\u00a0\u00bb3_5&Prime; _builder_version=\u00a0\u00bb4.19.2&Prime; _module_preset=\u00a0\u00bbdefault\u00a0\u00bb global_colors_info=\u00a0\u00bb{}\u00a0\u00bb][et_pb_image src=\u00a0\u00bbhttps:\/\/www.drj-solutions.fr\/wp-content\/uploads\/2026\/02\/3334510706570184978.jpeg\u00a0\u00bb title_text=\u00a0\u00bb3334510706570184978&Prime; _builder_version=\u00a0\u00bb4.27.4&Prime; _module_preset=\u00a0\u00bbdefault\u00a0\u00bb custom_margin=\u00a0\u00bb||0px|-30vw|false|false\u00a0\u00bb global_colors_info=\u00a0\u00bb{}\u00a0\u00bb][\/et_pb_image][et_pb_image src=\u00a0\u00bbhttps:\/\/www.drj-solutions.fr\/wp-content\/uploads\/2025\/12\/DRJ-Solutions-theme-Photoroom-1.png\u00a0\u00bb title_text=\u00a0\u00bbDRJ Solutions theme -Photoroom\u00a0\u00bb _builder_version=\u00a0\u00bb4.27.4&Prime; _module_preset=\u00a0\u00bbdefault\u00a0\u00bb width=\u00a0\u00bb60%\u00a0\u00bb custom_margin=\u00a0\u00bb-29%||||false|false\u00a0\u00bb global_colors_info=\u00a0\u00bb{}\u00a0\u00bb][\/et_pb_image][\/et_pb_column][et_pb_column type=\u00a0\u00bb2_5&Prime; _builder_version=\u00a0\u00bb4.19.2&Prime; _module_preset=\u00a0\u00bbdefault\u00a0\u00bb global_colors_info=\u00a0\u00bb{}\u00a0\u00bb][et_pb_image src=\u00a0\u00bbhttps:\/\/www.drj-solutions.fr\/wp-content\/uploads\/2025\/12\/DRJ-Solutions-theme-4-Photoroom.png\u00a0\u00bb title_text=\u00a0\u00bbDRJ Solutions theme -4-Photoroom\u00a0\u00bb _builder_version=\u00a0\u00bb4.27.4&Prime; _module_preset=\u00a0\u00bbdefault\u00a0\u00bb width=\u00a0\u00bb65%\u00a0\u00bb custom_margin=\u00a0\u00bb-20%|||-35%|false|false\u00a0\u00bb global_colors_info=\u00a0\u00bb{}\u00a0\u00bb][\/et_pb_image][et_pb_text _builder_version=\u00a0\u00bb4.27.4&Prime; _module_preset=\u00a0\u00bbe7c02b67-8a9d-4e0b-bae6-f734d3b99e70&Prime; global_colors_info=\u00a0\u00bb{}\u00a0\u00bb]<h2>Une \u00e9quipe au service de nos clients<\/h2>[\/et_pb_text][et_pb_text _builder_version=\u00a0\u00bb4.27.4&Prime; _module_preset=\u00a0\u00bb71374c2d-6665-4a2b-b66e-080ce049ed0e\u00a0\u00bb global_colors_info=\u00a0\u00bb{}\u00a0\u00bb]<p>Nos \u00e9quipes collaborent de bout en bout pour developper nos projets. L&rsquo;\u00e9quipe s&rsquo;\u00e9tant pour atteindre aujourd&rsquo;hui 25 salari\u00e9s entre le bureau et l&rsquo;atelier.<\/p>\n<div class=\"O1\"><span>&#8211; <\/span><span>Personnel <\/span><span>en<\/span><span> formation continue dans <\/span><span>une<\/span><span> <\/span><span>volont\u00e9 <\/span><span><\/span><span>d\u2019am\u00e9lioration<\/span><span> <\/span><span>permanente<\/span><span><\/span><\/div>\n<div class=\"O1\"><span>&#8211; Service administratif : soutien de l&rsquo;activit\u00e9\u00a0<\/span><\/div>\n<div class=\"O1\"><span>&#8211; Bureau d&rsquo;\u00e9tude : analyses et pr\u00e9conisations de solutions techniques<\/span><\/div>\n<div class=\"O1\"><span>&#8211; Service op\u00e9rationnel : equipe exp\u00e9riment\u00e9e, en formation pour rester en ad\u00e9quation avec les dernieres avanc\u00e9es.\u00a0<\/span><\/div>\n<div class=\"O1\"><span><\/span><\/div>\n<div class=\"O1\"><span><\/span><\/div>[\/et_pb_text][\/et_pb_column][\/et_pb_row][\/et_pb_section][et_pb_section fb_built=\u00a0\u00bb1&Prime; _builder_version=\u00a0\u00bb4.27.4&Prime; _module_preset=\u00a0\u00bbdefault\u00a0\u00bb global_colors_info=\u00a0\u00bb{}\u00a0\u00bb][et_pb_row column_structure=\u00a0\u00bb3_5,2_5&Prime; _builder_version=\u00a0\u00bb4.27.4&Prime; _module_preset=\u00a0\u00bbdefault\u00a0\u00bb global_colors_info=\u00a0\u00bb{}\u00a0\u00bb][et_pb_column type=\u00a0\u00bb3_5&Prime; _builder_version=\u00a0\u00bb4.27.4&Prime; _module_preset=\u00a0\u00bbdefault\u00a0\u00bb global_colors_info=\u00a0\u00bb{}\u00a0\u00bb][et_pb_text _builder_version=\u00a0\u00bb4.27.4&Prime; _module_preset=\u00a0\u00bbdefault\u00a0\u00bb global_colors_info=\u00a0\u00bb{}\u00a0\u00bb]<h1>Les certifications au coeur de notre m\u00e9tier<\/h1>\n<p>&nbsp;<\/p>\n<p>\u00a0Chez DRJ Solutions, nous avons l&rsquo;ADN de la qualit\u00e9 de service. C&rsquo;est pourquoi, nous restons \u00e0 jour sur les reglementations et certifications.\u00a0<\/p>[\/et_pb_text][\/et_pb_column][et_pb_column type=\u00a0\u00bb2_5&Prime; _builder_version=\u00a0\u00bb4.27.4&Prime; _module_preset=\u00a0\u00bbdefault\u00a0\u00bb global_colors_info=\u00a0\u00bb{}\u00a0\u00bb][et_pb_accordion _builder_version=\u00a0\u00bb4.27.4&Prime; _module_preset=\u00a0\u00bbdefault\u00a0\u00bb global_colors_info=\u00a0\u00bb{}\u00a0\u00bb][et_pb_accordion_item title=\u00a0\u00bbSS4 \u2013 Amiante Sous-Section 4&Prime; _builder_version=\u00a0\u00bb4.27.4&Prime; _module_preset=\u00a0\u00bbdefault\u00a0\u00bb global_colors_info=\u00a0\u00bb{}\u00a0\u00bb open=\u00a0\u00bboff\u00a0\u00bb]<p><span>Intervention sur mat\u00e9riaux amiant\u00e9s<\/span><\/p>[\/et_pb_accordion_item][et_pb_accordion_item title=\u00a0\u00bbPlomb \u2013 Travaux r\u00e8glement\u00e9s\u00a0\u00bb open=\u00a0\u00bboff\u00a0\u00bb _builder_version=\u00a0\u00bb4.27.4&Prime; _module_preset=\u00a0\u00bbdefault\u00a0\u00bb global_colors_info=\u00a0\u00bb{}\u00a0\u00bb]<p><span>Traitement de peintures plomb\u00e9es<\/span><\/p>[\/et_pb_accordion_item][et_pb_accordion_item title=\u00a0\u00bbISO 8501-1&Prime; _builder_version=\u00a0\u00bb4.27.4&Prime; _module_preset=\u00a0\u00bbdefault\u00a0\u00bb global_colors_info=\u00a0\u00bb{}\u00a0\u00bb open=\u00a0\u00bboff\u00a0\u00bb]<p><span>Pr\u00e9paration de surface (sablage \/ grenaillage)<\/span><\/p>[\/et_pb_accordion_item][et_pb_accordion_item title=\u00a0\u00bbISO 12944&Prime; _builder_version=\u00a0\u00bb4.27.4&Prime; _module_preset=\u00a0\u00bbdefault\u00a0\u00bb global_colors_info=\u00a0\u00bb{}\u00a0\u00bb open=\u00a0\u00bboff\u00a0\u00bb]<p><span>Peinture industrielle anticorrosion<\/span><\/p>[\/et_pb_accordion_item][et_pb_accordion_item title=\u00a0\u00bbISO 24817 \/ ASME PCC-2&Prime; _builder_version=\u00a0\u00bb4.27.4&Prime; _module_preset=\u00a0\u00bbdefault\u00a0\u00bb global_colors_info=\u00a0\u00bb{}\u00a0\u00bb open=\u00a0\u00bboff\u00a0\u00bb]<p><span>Frettage composite<\/span><\/p>[\/et_pb_accordion_item][et_pb_accordion_item title=\u00a0\u00bbACS\u00a0\u00bb _builder_version=\u00a0\u00bb4.27.4&Prime; _module_preset=\u00a0\u00bbdefault\u00a0\u00bb global_colors_info=\u00a0\u00bb{}\u00a0\u00bb open=\u00a0\u00bbon\u00a0\u00bb]<p><span>Rev\u00eatements en contact avec eau potable<\/span><\/p>[\/et_pb_accordion_item][\/et_pb_accordion][\/et_pb_column][\/et_pb_row][\/et_pb_section]\n","protected":false},"excerpt":{"rendered":"<p>A proposFond\u00e9 par Florent De Araujo, DRJ Solutions se positionne comme un acteur cl\u00e9 de la r\u00e9gion Mart\u00e9gale en r\u00e9pondant aux besoins sur les sites industriels et p\u00e9trochimiques. Chez DRJ Solutions nous avons \u00e0 coeur de rester une entreprise authentique et humaine. Toujours en recherche d&rsquo;am\u00e9lioration, nous developpons nos certifications et ressources pour r\u00e9pondre au [&hellip;]<\/p>\n","protected":false},"author":1,"featured_media":0,"parent":0,"menu_order":0,"comment_status":"closed","ping_status":"closed","template":"","meta":{"_et_pb_use_builder":"on","_et_pb_old_content":"","_et_gb_content_width":"","footnotes":""},"class_list":["post-959","page","type-page","status-publish","hentry"],"_links":{"self":[{"href":"https:\/\/www.drj-solutions.fr\/index.php\/wp-json\/wp\/v2\/pages\/959","targetHints":{"allow":["GET"]}}],"collection":[{"href":"https:\/\/www.drj-solutions.fr\/index.php\/wp-json\/wp\/v2\/pages"}],"about":[{"href":"https:\/\/www.drj-solutions.fr\/index.php\/wp-json\/wp\/v2\/types\/page"}],"author":[{"embeddable":true,"href":"https:\/\/www.drj-solutions.fr\/index.php\/wp-json\/wp\/v2\/users\/1"}],"replies":[{"embeddable":true,"href":"https:\/\/www.drj-solutions.fr\/index.php\/wp-json\/wp\/v2\/comments?post=959"}],"version-history":[{"count":16,"href":"https:\/\/www.drj-solutions.fr\/index.php\/wp-json\/wp\/v2\/pages\/959\/revisions"}],"predecessor-version":[{"id":1636,"href":"https:\/\/www.drj-solutions.fr\/index.php\/wp-json\/wp\/v2\/pages\/959\/revisions\/1636"}],"wp:attachment":[{"href":"https:\/\/www.drj-solutions.fr\/index.php\/wp-json\/wp\/v2\/media?parent=959"}],"curies":[{"name":"wp","href":"https:\/\/api.w.org\/{rel}","templated":true}]}}