{"id":1641,"date":"2026-04-13T12:21:58","date_gmt":"2026-04-13T12:21:58","guid":{"rendered":"https:\/\/www.drj-solutions.fr\/?page_id=1641"},"modified":"2026-04-13T12:25:58","modified_gmt":"2026-04-13T12:25:58","slug":"mentions-legales","status":"publish","type":"page","link":"https:\/\/www.drj-solutions.fr\/index.php\/mentions-legales\/","title":{"rendered":"Mentions l\u00e9gales"},"content":{"rendered":"<p>[et_pb_section fb_built=\u00a0\u00bb1&Prime; admin_label=\u00a0\u00bbServices\u00a0\u00bb _builder_version=\u00a0\u00bb4.19.2&Prime; _module_preset=\u00a0\u00bbdefault\u00a0\u00bb collapsed=\u00a0\u00bbon\u00a0\u00bb global_colors_info=\u00a0\u00bb{}\u00a0\u00bb][et_pb_row _builder_version=\u00a0\u00bb4.19.2&Prime; _module_preset=\u00a0\u00bbdefault\u00a0\u00bb global_colors_info=\u00a0\u00bb{}\u00a0\u00bb][et_pb_column type=\u00a0\u00bb4_4&Prime; _builder_version=\u00a0\u00bb4.19.2&Prime; _module_preset=\u00a0\u00bbdefault\u00a0\u00bb global_colors_info=\u00a0\u00bb{}\u00a0\u00bb][et_pb_text _builder_version=\u00a0\u00bb4.19.2&Prime; _module_preset=\u00a0\u00bbc03707ea-6df4-432e-823b-ebc037a17184&Prime; global_colors_info=\u00a0\u00bb{}\u00a0\u00bb]<\/p>\n<h1>Mentions l\u00e9gales<\/h1>\n<p>[\/et_pb_text][\/et_pb_column][\/et_pb_row][et_pb_row _builder_version=\u00a0\u00bb4.19.2&Prime; _module_preset=\u00a0\u00bbdefault\u00a0\u00bb global_colors_info=\u00a0\u00bb{}\u00a0\u00bb][et_pb_column type=\u00a0\u00bb4_4&Prime; _builder_version=\u00a0\u00bb4.19.2&Prime; _module_preset=\u00a0\u00bbdefault\u00a0\u00bb global_colors_info=\u00a0\u00bb{}\u00a0\u00bb][et_pb_text _builder_version=\u00a0\u00bb4.27.4&Prime; _module_preset=\u00a0\u00bbdefault\u00a0\u00bb global_colors_info=\u00a0\u00bb{}\u00a0\u00bb]<\/p>\n<p>Vous etes actuellement sur le site DRJ Solutions. L\u2019utilisateur ayant acc\u00e8s \u00e0 ce site s\u2019engage \u00e0 se conformer aux pr\u00e9sentes conditions d\u2019utilisation.<\/p>\n<p>Mentions l\u00e9gales<\/p>\n<p>En vigueur au 22\/05\/2023<\/p>\n<div class=\"et_pb_module et_pb_text et_pb_text_1  et_pb_text_align_left et_pb_bg_layout_light\">\n<div class=\"et_pb_text_inner\">\n<p>Conform\u00e9ment aux dispositions des Articles 6-III et 19 de la Loi n\u00b02004-575 du 21 juin 2004 pour la Confiance dans l\u2019\u00e9conomie num\u00e9rique, dite L.C.E.N., il est port\u00e9 \u00e0 la connaissance des utilisateurs et visiteurs, ci-apr\u00e8s l&rsquo; \u00ab\u00a0Utilisateur\u00a0\u00bb, du site www.drj-solutions.fr , ci-apr\u00e8s le \u00ab Site \u00bb, les pr\u00e9sentes mentions l\u00e9gales.<\/p>\n<p>La connexion et la navigation sur le Site par l\u2019Utilisateur implique acceptation int\u00e9grale et sans r\u00e9serve des pr\u00e9sentes mentions l\u00e9gales.<\/p>\n<p>Ces derni\u00e8res sont accessibles sur le Site \u00e0 la rubrique \u00ab Mentions l\u00e9gales \u00bb.<\/p>\n<h6>ARTICLE 1 \u2013 L\u2019EDITEUR<\/h6>\n<p>L\u2019\u00e9dition et la direction de la publication du Site est assur\u00e9e par M\u00e9lanie Dendrael, domicili\u00e9e \u00e0 Port Saint Louis du Rh\u00f4ne et joingnable \u00e0 l\u2019adresse e-mail melanie.dendrael@gmail.com.<\/p>\n<p>&nbsp;<\/p>\n<p>ci-apr\u00e8s l&rsquo; \u00ab\u00a0Editeur\u00a0\u00bb.<\/p>\n<h6>ARTICLE 2 \u2013 L\u2019HEBERGEUR<\/h6>\n<p>L\u2019h\u00e9bergeur du Site est la soci\u00e9t\u00e9 Ionos, dont le si\u00e8ge social est situ\u00e9 au 7, place de la Gare BP 70109 57201 Sarreguemines Cedex , avec le num\u00e9ro de t\u00e9l\u00e9phone : 0970808911<\/p>\n<h6>ARTICLE 3 \u2013 ACCES AU SITE<\/h6>\n<p>Le Site est accessible en tout endroit, 7j\/7, 24h\/24 sauf cas de force majeure, interruption programm\u00e9e ou non et pouvant d\u00e9coulant d\u2019une n\u00e9cessit\u00e9 de maintenance.<\/p>\n<p>En cas de modification, interruption ou suspension du Site, l\u2019Editeur ne saurait \u00eatre tenu responsable.<\/p>\n<h6>ARTICLE 4 \u2013 COLLECTE DES DONNEES<\/h6>\n<p>Le Site assure \u00e0 l\u2019Utilisateur une collecte et un traitement d\u2019informations personnelles dans le respect de la vie priv\u00e9e conform\u00e9ment \u00e0 la loi n\u00b078-17 du 6 janvier 1978 relative \u00e0 l\u2019informatique, aux fichiers et aux libert\u00e9s.<\/p>\n<p>En vertu de la loi Informatique et Libert\u00e9s, en date du 6 janvier 1978, l\u2019Utilisateur dispose d\u2019un droit d\u2019acc\u00e8s, de rectification, de suppression et d\u2019opposition de ses donn\u00e9es personnelles. L\u2019Utilisateur exerce ce droit :<\/p>\n<p>par mail \u00e0 l\u2019adresse email <span class=\"kt-svg-icon-list-text\"><a href=\"mailto:contact@drj-solutions.fr,\">contact@drj-solutions.fr,<\/a><\/span><\/p>\n<p>via un formulaire de contact ;<\/p>\n<p>Toute utilisation, reproduction, diffusion, commercialisation, modification de toute ou partie du Site, sans autorisation de l\u2019Editeur est prohib\u00e9e et pourra entra\u00een\u00e9e des actions et poursuites judiciaires telles que notamment pr\u00e9vues par le Code de la propri\u00e9t\u00e9 intellectuelle et le Code civil.<\/p>\n<\/div>\n<\/div>\n<div class=\"et_pb_module et_pb_divider et_pb_divider_0 et_pb_divider_position_ et_pb_space\">\n<div class=\"et_pb_divider_internal\"><\/div>\n<\/div>\n<div class=\"et_pb_module et_pb_text et_pb_text_2  et_pb_text_align_left et_pb_bg_layout_light\">\n<div class=\"et_pb_text_inner\">\n<h2>Droit d\u2019auteur \/ Copyright<\/h2>\n<p>Les marques et logos figurant sur ce site sont des marques d\u00e9pos\u00e9es. Leur mention n\u2019accorde en aucune mani\u00e8re une licence ou un droit d\u2019utilisation quelconque des dites marques, qui ne peuvent donc \u00eatre utilis\u00e9es sans le consentement pr\u00e9alable et \u00e9crit du propri\u00e9taire de la marque sous peine de contrefa\u00e7on.<\/p>\n<p>Les informations mises en ligne sur le site sont publiques. Elles rel\u00e8vent des dispositions de l\u2019article L.122-5 du code de la propri\u00e9t\u00e9 intellectuelle (CPI). Les contenus du site couvert par des droits d\u2019auteurs \u00e9crits et\/ou mis en ligne par DRJ Solutions, peuvent donc \u00eatre reproduits librement, sous plusieurs conditions :<br \/>\u2013 le respect de l\u2019int\u00e9grit\u00e9, du sens, de l\u2019application et de la port\u00e9e des informations r\u00e9cup\u00e9r\u00e9es ;<br \/>\u2013 la citation de la source (l\u2019ajout de la mention : \u00a0\u00bb \u2026 paru sur le site de DRJ Solutions \u2013 <a href=\"https:\/\/www.adequabio.fr\/\">www.drj-solutions.fr<\/a>\u00ab\u00a0. Cette mention, dans le cas de reproduction sur un site internet, pointera gr\u00e2ce \u00e0 un lien hypertexte directement sur le contenu.)\u00a0;<br \/>\u2013 la date de publication\u00a0;<br \/>\u2013 la mention selon laquelle les droits de reproduction sont limit\u00e9s\u00a0;<br \/>\u2013 n\u2019utiliser de telles informations qu\u2019\u00e0 des fins personnelles et en aucune mani\u00e8re \u00e0 des fins commerciales\u00a0;<br \/>\u2013 la demande d\u2019autorisation adress\u00e9e aux administrateurs du site adequabio.fr. La demande devra pr\u00e9ciser le contenu vis\u00e9 et (dans le cas de reproduction sur un site internet) ainsi que le site sur lequel ce dernier figurera.<br \/>Sont notamment couverts par le droit d\u2019auteur l\u2019ensemble des contenus \u00e9ditoriaux comme par exemple les ressources documentaires, rapports et synth\u00e8ses, photos, vid\u00e9os, etc. Toute utilisation non express\u00e9ment autoris\u00e9e est strictement interdite sans autorisation pr\u00e9alable et \u00e9crite des administrateurs du site.<\/p>\n<p>Les cr\u00e9dits photo, vid\u00e9o et autres mentions relatives aux droits d\u2019auteur, tels que sp\u00e9cifi\u00e9s sur ce site, doivent \u00eatre respect\u00e9s. En cas d\u2019oubli d\u2019un copyright, veuillez par avance nous en excusez. Veuillez nous le signaler, afin que nous puissions corriger notre erreur.<\/p>\n<p>D\u2019une mani\u00e8re g\u00e9n\u00e9rale, la mise en place de \u00ab\u00a0liens profonds\u00a0\u00bb pointant directement sur le document en question devra \u00eatre privil\u00e9gi\u00e9e, la reproduction de contenus demeurant limit\u00e9.<\/p>\n<h6>Lien hypertexte<\/h6>\n<p>Les sites ext\u00e9rieurs au site www.drj-solutions.fr ayant un lien hypertexte avec le pr\u00e9sent site ne sont pas sous contr\u00f4le de DRJ Solutions qui d\u00e9cline par cons\u00e9quent toute responsabilit\u00e9 quant \u00e0 leur contenu. L\u2019utilisateur est seul responsable de leur utilisation.<\/p>\n<p>La cr\u00e9ation de liens hypertextes vers le site www.drj-solutions.fr est soumise \u00e0 l\u2019accord pr\u00e9alable de l\u2019administrateur du site. Pour toute demande, vous pouvez envoyer un message aux administrateurs du site.<br \/>Les administrateurs du site se r\u00e9servent le droit de demander la suppression d\u2019un lien qu\u2019ils estiment non-conforme \u00e0 l\u2019objet du site www.drj-solutions.fr<\/p>\n<h6><b>Informatique et libert\u00e9s<\/b><\/h6>\n<p>Aucune donn\u00e9e personnelle n\u2019est collect\u00e9e, c\u00e9d\u00e9e \u00e0 des tiers ou utilis\u00e9e \u00e0 l\u2019insu des utilisateurs.<br \/>Exercice du droit d\u2019acc\u00e8s. Conform\u00e9ment \u00e0 l\u2019article 34 de la loi \u00ab\u00a0Informatique et Libert\u00e9s\u00a0\u00bb, vous disposez d\u2019un droit d\u2019acc\u00e8s, de modification et de suppression des donn\u00e9es qui vous concernent. Pour exercer ce droit d\u2019acc\u00e8s adressez-vous \u00e0 :<br \/>\u2013 en envoyant un courriel via la page <a href=\"https:\/\/www.drj-solutions.fr\/index.php\/nous-contacter\/\">contact<\/a> du site www.drj-solutions.fr<\/p>\n<p>L\u2019utilisateur trouvera des informations sur ses droits, ses devoirs et sur la protection des donn\u00e9es personnelles sur le site de la Commission Nationale Informatique et Libert\u00e9s\u00a0(<a href=\"http:\/\/www.cnil.fr\/\">CNIL<\/a>).<\/p>\n<h6>Responsabilit\u00e9<\/h6>\n<p>L\u2019ensemble des informations accessibles via ce site est fourni en l\u2019\u00e9tat.<br \/>DRJ Solutions ne donne aucune garantie, explicite ou implicite, et n\u2019assument aucune responsabilit\u00e9 relative \u00e0 l\u2019utilisation de ces informations.<br \/>DRJ Solutions n\u2019est pas responsable ni de l\u2019exactitude, ni des erreurs, ni des omissions contenues sur ce site.<br \/>L\u2019utilisateur est seul responsable de l\u2019utilisation de telles informations.<br \/>DRJ Solutions se r\u00e9serve le droit de modifier \u00e0 tout moment les pr\u00e9sentes notamment en actualisant ce site.<br \/>DRJ Solutions ne pourra \u00eatre tenu responsable pour quel que dommage que ce soit tant direct qu\u2019indirect, r\u00e9sultant d\u2019une information contenue sur ce site, de votre acc\u00e8s ou utilisation de ce site, ou d\u2019un dommage ou virus qui pourrait affecter votre ordinateur ou autre mat\u00e9riel informatique.<br \/>Si vous constatez des inexactitudes, des erreurs, des omissions ou autre, n\u2019h\u00e9sitez pas \u00e0 nous le faire savoir en contactant les administrateurs.<\/p>\n<p>DRJ Solutions se r\u00e9serve le droit de proc\u00e9der aux corrections requises \u00e0 tout moment.<\/p>\n<h6>MODIFICATION DE LA NOTICE LEGALE<\/h6>\n<p>DRJ Solutions, propri\u00e9taire et exploitant du site, se r\u00e9serve le droit de modifier la pr\u00e9sente notice \u00e0 tout moment. L\u2019utilisateur s\u2019engage donc \u00e0 la consulter r\u00e9guli\u00e8rement.<\/p>\n<h6><b>Tra\u00e7abilit\u00e9 et profilage<\/b><\/h6>\n<p>Le site internet DRJ Solutions stocke syst\u00e9matiquement des informations relatives au profil des visiteurs (\u00e9quipement, navigateur utilis\u00e9\u2026.), \u00e0 leur navigation sur le site et \u00e0 la fr\u00e9quence des consultations. Ces informations ne contiennent, toutefois, aucune donn\u00e9e personnelle.<\/p>\n<p>Vous pouvez refuser la mise en \u0153uvre de ce cookie en modifiant les param\u00e8tres de votre navigateur internet.<br \/>Pour plus d\u2019informations sur le sujet, n\u2019h\u00e9sitez pas \u00e0 visiter le site de la <a href=\"http:\/\/www.cnil.fr\/\">CNIL<\/a>.<\/p>\n<h6><b>Droit applicable<\/b><\/h6>\n<p>L\u2019utilisation de ce site est r\u00e9gie par le droit fran\u00e7ais, quel que soit le lieu d\u2019utilisation.<br \/>En cas de contestation \u00e9ventuelle, et apr\u00e8s l\u2019\u00e9chec de toute tentative de recherche d\u2019une solution amiable, les tribunaux fran\u00e7ais seront seuls comp\u00e9tents pour conna\u00eetre de ce litige.<\/p>\n<p><b>Contacts<\/b><br \/>Pour toute remarque ou autre concernant ce site, vous pouvez nous contacter via la page <a href=\"https:\/\/www.drj-solutions.fr\/index.php\/nous-contacter\/\">contact<\/a> de ce site.<br \/>Les messages que vous nous ferez parvenir par l\u2019interm\u00e9diaire d\u2019Internet peuvent \u00eatre intercept\u00e9s sur le r\u00e9seau. Jusqu\u2019\u00e0 ce qu\u2019ils nous parviennent, leur confidentialit\u00e9 ne peut \u00eatre garantie.<\/p>\n<\/div>\n<\/div>\n<p>[\/et_pb_text][\/et_pb_column][\/et_pb_row][\/et_pb_section][et_pb_section fb_built=\u00a0\u00bb1&Prime; admin_label=\u00a0\u00bbCall to Action\u00a0\u00bb _builder_version=\u00a0\u00bb4.27.4&Prime; _module_preset=\u00a0\u00bbdefault\u00a0\u00bb use_background_color_gradient=\u00a0\u00bbon\u00a0\u00bb background_color_gradient_stops=\u00a0\u00bbrgba(18,101,121,0.2) 0%|rgba(18,101,121,0.2) 100%\u00a0\u00bb background_color_gradient_overlays_image=\u00a0\u00bbon\u00a0\u00bb background_image=\u00a0\u00bbhttps:\/\/www.drj-solutions.fr\/wp-content\/uploads\/2026\/01\/IMG_1338.jpg\u00a0\u00bb custom_padding=\u00a0\u00bb0px||||false|false\u00a0\u00bb hover_enabled=\u00a0\u00bb0&Prime; saved_tabs=\u00a0\u00bball\u00a0\u00bb collapsed=\u00a0\u00bbon\u00a0\u00bb global_colors_info=\u00a0\u00bb{}\u00a0\u00bb title_text=\u00a0\u00bbEntreprise_DRJSolutions\u00a0\u00bb sticky_enabled=\u00a0\u00bb0&Prime;][et_pb_row _builder_version=\u00a0\u00bb4.19.2&Prime; _module_preset=\u00a0\u00bbdefault\u00a0\u00bb positioning=\u00a0\u00bbabsolute\u00a0\u00bb width=\u00a0\u00bb30%\u00a0\u00bb max_width=\u00a0\u00bbnone\u00a0\u00bb custom_padding=\u00a0\u00bb0px||0px||true|false\u00a0\u00bb global_colors_info=\u00a0\u00bb{}\u00a0\u00bb][et_pb_column type=\u00a0\u00bb4_4&Prime; _builder_version=\u00a0\u00bb4.19.2&Prime; _module_preset=\u00a0\u00bbdefault\u00a0\u00bb global_colors_info=\u00a0\u00bb{}\u00a0\u00bb][et_pb_image src=\u00a0\u00bbhttps:\/\/www.drj-solutions.fr\/wp-content\/uploads\/2025\/12\/civil-engineering-10.png\u00a0\u00bb title_text=\u00a0\u00bbcivil-engineering-10&Prime; _builder_version=\u00a0\u00bb4.19.2&Prime; _module_preset=\u00a0\u00bbdefault\u00a0\u00bb custom_margin=\u00a0\u00bb-20%||||false|false\u00a0\u00bb global_colors_info=\u00a0\u00bb{}\u00a0\u00bb][\/et_pb_image][\/et_pb_column][\/et_pb_row][et_pb_row column_structure=\u00a0\u00bb1_2,1_2&Prime; _builder_version=\u00a0\u00bb4.19.2&Prime; _module_preset=\u00a0\u00bbdefault\u00a0\u00bb custom_padding=\u00a0\u00bb0px||||false|false\u00a0\u00bb global_colors_info=\u00a0\u00bb{}\u00a0\u00bb][et_pb_column type=\u00a0\u00bb1_2&Prime; _builder_version=\u00a0\u00bb4.19.2&Prime; _module_preset=\u00a0\u00bbdefault\u00a0\u00bb global_colors_info=\u00a0\u00bb{}\u00a0\u00bb][\/et_pb_column][et_pb_column type=\u00a0\u00bb1_2&Prime; _builder_version=\u00a0\u00bb4.19.2&Prime; _module_preset=\u00a0\u00bbdefault\u00a0\u00bb background_color=\u00a0\u00bb#e3e3e3&Prime; custom_padding=\u00a0\u00bb180px|40px|180px|40px|true|true\u00a0\u00bb custom_padding_tablet=\u00a0\u00bb90px|30px|90px|30px|true|true\u00a0\u00bb custom_padding_phone=\u00a0\u00bb45px|20px|45px|20px|true|true\u00a0\u00bb custom_padding_last_edited=\u00a0\u00bbon|desktop\u00a0\u00bb global_colors_info=\u00a0\u00bb{}\u00a0\u00bb][et_pb_text _builder_version=\u00a0\u00bb4.27.4&Prime; _module_preset=\u00a0\u00bb92b860c8-1622-4d67-98dc-cb155fe1b0d7&Prime; hover_enabled=\u00a0\u00bb0&Prime; global_colors_info=\u00a0\u00bb{}\u00a0\u00bb sticky_enabled=\u00a0\u00bb0&Prime;]<\/p>\n<h1 style=\"font-weight: 400;\"><strong>\u00a0Notre m\u00e9tier le traitement de surface, notre qualit\u00e9 la r\u00e9activit\u00e9<\/strong><\/h1>\n<p>[\/et_pb_text][\/et_pb_column][\/et_pb_row][\/et_pb_section]<\/p>\n","protected":false},"excerpt":{"rendered":"<p>Mentions l\u00e9galesVous etes actuellement sur le site DRJ Solutions. L\u2019utilisateur ayant acc\u00e8s \u00e0 ce site s\u2019engage \u00e0 se conformer aux pr\u00e9sentes conditions d\u2019utilisation. Mentions l\u00e9gales En vigueur au 22\/05\/2023 Conform\u00e9ment aux dispositions des Articles 6-III et 19 de la Loi n\u00b02004-575 du 21 juin 2004 pour la Confiance dans l\u2019\u00e9conomie num\u00e9rique, dite L.C.E.N., il est [&hellip;]<\/p>\n","protected":false},"author":1,"featured_media":0,"parent":0,"menu_order":0,"comment_status":"closed","ping_status":"closed","template":"","meta":{"_et_pb_use_builder":"on","_et_pb_old_content":"","_et_gb_content_width":"","footnotes":""},"class_list":["post-1641","page","type-page","status-publish","hentry"],"_links":{"self":[{"href":"https:\/\/www.drj-solutions.fr\/index.php\/wp-json\/wp\/v2\/pages\/1641","targetHints":{"allow":["GET"]}}],"collection":[{"href":"https:\/\/www.drj-solutions.fr\/index.php\/wp-json\/wp\/v2\/pages"}],"about":[{"href":"https:\/\/www.drj-solutions.fr\/index.php\/wp-json\/wp\/v2\/types\/page"}],"author":[{"embeddable":true,"href":"https:\/\/www.drj-solutions.fr\/index.php\/wp-json\/wp\/v2\/users\/1"}],"replies":[{"embeddable":true,"href":"https:\/\/www.drj-solutions.fr\/index.php\/wp-json\/wp\/v2\/comments?post=1641"}],"version-history":[{"count":5,"href":"https:\/\/www.drj-solutions.fr\/index.php\/wp-json\/wp\/v2\/pages\/1641\/revisions"}],"predecessor-version":[{"id":1650,"href":"https:\/\/www.drj-solutions.fr\/index.php\/wp-json\/wp\/v2\/pages\/1641\/revisions\/1650"}],"wp:attachment":[{"href":"https:\/\/www.drj-solutions.fr\/index.php\/wp-json\/wp\/v2\/media?parent=1641"}],"curies":[{"name":"wp","href":"https:\/\/api.w.org\/{rel}","templated":true}]}}