{"id":1265,"date":"2026-02-24T09:12:30","date_gmt":"2026-02-24T09:12:30","guid":{"rendered":"https:\/\/www.drj-solutions.fr\/?page_id=1265"},"modified":"2026-02-27T14:24:59","modified_gmt":"2026-02-27T14:24:59","slug":"resines-techniques","status":"publish","type":"page","link":"https:\/\/www.drj-solutions.fr\/index.php\/resines-techniques\/","title":{"rendered":"RESINES TECHNIQUES"},"content":{"rendered":"<p>[et_pb_section fb_built=\u00a0\u00bb1&Prime; admin_label=\u00a0\u00bbHeader\u00a0\u00bb _builder_version=\u00a0\u00bb4.27.4&Prime; _module_preset=\u00a0\u00bbdefault\u00a0\u00bb use_background_color_gradient=\u00a0\u00bbon\u00a0\u00bb background_color_gradient_stops=\u00a0\u00bb#d8d9dd 0%|rgba(223,226,231,0.8) 40%\u00a0\u00bb background_color_gradient_overlays_image=\u00a0\u00bbon\u00a0\u00bb background_image=\u00a0\u00bbhttps:\/\/www.drj-solutions.fr\/wp-content\/uploads\/2026\/02\/Design-sans-titre.jpg\u00a0\u00bb overflow-x=\u00a0\u00bbhidden\u00a0\u00bb overflow-y=\u00a0\u00bbhidden\u00a0\u00bb hover_enabled=\u00a0\u00bb0&Prime; locked=\u00a0\u00bboff\u00a0\u00bb collapsed=\u00a0\u00bbon\u00a0\u00bb global_colors_info=\u00a0\u00bb{}\u00a0\u00bb title_text=\u00a0\u00bbresine_ceramique_traitement\u00a0\u00bb sticky_enabled=\u00a0\u00bb0&Prime;][et_pb_row column_structure=\u00a0\u00bb1_2,1_2&Prime; _builder_version=\u00a0\u00bb4.19.2&Prime; _module_preset=\u00a0\u00bbdefault\u00a0\u00bb global_colors_info=\u00a0\u00bb{}\u00a0\u00bb][et_pb_column type=\u00a0\u00bb1_2&Prime; _builder_version=\u00a0\u00bb4.19.2&Prime; _module_preset=\u00a0\u00bbdefault\u00a0\u00bb global_colors_info=\u00a0\u00bb{}\u00a0\u00bb][et_pb_text _builder_version=\u00a0\u00bb4.27.4&Prime; _module_preset=\u00a0\u00bb2da3d653-691e-4798-8e1b-9ac1ad689f90&Prime; global_colors_info=\u00a0\u00bb{}\u00a0\u00bb]<\/p>\n<h1>RESINES TECHNIQUES<\/h1>\n<p>[\/et_pb_text][\/et_pb_column][et_pb_column type=\u00a0\u00bb1_2&Prime; _builder_version=\u00a0\u00bb4.19.2&Prime; _module_preset=\u00a0\u00bbdefault\u00a0\u00bb global_colors_info=\u00a0\u00bb{}\u00a0\u00bb][et_pb_image src=\u00a0\u00bbhttps:\/\/www.drj-solutions.fr\/wp-content\/uploads\/2025\/12\/DRJ-Solutions-theme-5-2.png\u00a0\u00bb title_text=\u00a0\u00bbDRJ Solutions theme -5-2&Prime; _builder_version=\u00a0\u00bb4.27.4&Prime; _module_preset=\u00a0\u00bbdefault\u00a0\u00bb positioning=\u00a0\u00bbabsolute\u00a0\u00bb position_origin_a=\u00a0\u00bbcenter_left\u00a0\u00bb width=\u00a0\u00bb100%\u00a0\u00bb global_colors_info=\u00a0\u00bb{}\u00a0\u00bb][\/et_pb_image][\/et_pb_column][\/et_pb_row][\/et_pb_section][et_pb_section fb_built=\u00a0\u00bb1&Prime; admin_label=\u00a0\u00bbProject\u00a0\u00bb _builder_version=\u00a0\u00bb4.19.2&Prime; _module_preset=\u00a0\u00bbdefault\u00a0\u00bb custom_padding=\u00a0\u00bb0px||||false|false\u00a0\u00bb collapsed=\u00a0\u00bbon\u00a0\u00bb global_colors_info=\u00a0\u00bb{}\u00a0\u00bb][et_pb_row column_structure=\u00a0\u00bb3_4,1_4&Prime; _builder_version=\u00a0\u00bb4.19.2&Prime; _module_preset=\u00a0\u00bbdefault\u00a0\u00bb global_colors_info=\u00a0\u00bb{}\u00a0\u00bb][et_pb_column type=\u00a0\u00bb3_4&Prime; _builder_version=\u00a0\u00bb4.19.2&Prime; _module_preset=\u00a0\u00bbdefault\u00a0\u00bb custom_padding_tablet=\u00a0\u00bb||30px||false|false\u00a0\u00bb custom_padding_phone=\u00a0\u00bb||30px||false|false\u00a0\u00bb custom_padding_last_edited=\u00a0\u00bbon|tablet\u00a0\u00bb global_colors_info=\u00a0\u00bb{}\u00a0\u00bb][et_pb_text _builder_version=\u00a0\u00bb4.27.4&Prime; _module_preset=\u00a0\u00bb2c44cc00-512e-4f28-ab68-3a649613a080&Prime; custom_margin=\u00a0\u00bb||0px||false|false\u00a0\u00bb global_colors_info=\u00a0\u00bb{}\u00a0\u00bb]<\/p>\n<h2 data-start=\"2586\" data-end=\"2637\">R\u00e9sines techniques \u2013 C\u00e9ramique et composite<\/h2>\n<p>[\/et_pb_text][et_pb_text _builder_version=\u00a0\u00bb4.27.4&Prime; _module_preset=\u00a0\u00bb5414981b-7816-4063-86b8-1d887acd1d20&Prime; global_colors_info=\u00a0\u00bb{}\u00a0\u00bb]<\/p>\n<p data-start=\"2639\" data-end=\"2656\">Chez DRJ Solutions, nous appliquons :<\/p>\n<ul data-start=\"2658\" data-end=\"2792\">\n<li data-start=\"2658\" data-end=\"2709\">\n<p data-start=\"2660\" data-end=\"2709\">r\u00e9sines c\u00e9ramiques haute r\u00e9sistance \u00e0 l\u2019abrasion,<\/p>\n<\/li>\n<li data-start=\"2710\" data-end=\"2744\">\n<p data-start=\"2712\" data-end=\"2744\">r\u00e9sines composites structurales,<\/p>\n<\/li>\n<li data-start=\"2745\" data-end=\"2792\">\n<p data-start=\"2747\" data-end=\"2792\">syst\u00e8mes de r\u00e9paration chimique et m\u00e9canique.<\/p>\n<\/li>\n<\/ul>\n<h3 data-start=\"2794\" data-end=\"2808\">Applications :<\/h3>\n<ul data-start=\"2810\" data-end=\"2945\">\n<li data-start=\"2810\" data-end=\"2834\">\n<p data-start=\"2812\" data-end=\"2834\">r\u00e9paration de carters,<\/p>\n<\/li>\n<li data-start=\"2835\" data-end=\"2868\">\n<p data-start=\"2837\" data-end=\"2868\">remise en \u00e9tat de pi\u00e8ces us\u00e9es,<\/p>\n<\/li>\n<li data-start=\"2869\" data-end=\"2902\">\n<p data-start=\"2871\" data-end=\"2902\">traitement de surfaces \u00e9rod\u00e9es,<\/p>\n<\/li>\n<li data-start=\"2903\" data-end=\"2945\">\n<p data-start=\"2905\" data-end=\"2945\">protection contre corrosion et abrasion.<\/p>\n<\/li>\n<\/ul>\n<p>[\/et_pb_text][\/et_pb_column][et_pb_column type=\u00a0\u00bb1_4&Prime; _builder_version=\u00a0\u00bb4.19.2&Prime; _module_preset=\u00a0\u00bbdefault\u00a0\u00bb custom_padding_tablet=\u00a0\u00bb||30px||false|false\u00a0\u00bb custom_padding_phone=\u00a0\u00bb||30px||false|false\u00a0\u00bb custom_padding_last_edited=\u00a0\u00bbon|tablet\u00a0\u00bb global_colors_info=\u00a0\u00bb{}\u00a0\u00bb][et_pb_image src=\u00a0\u00bbhttps:\/\/www.drj-solutions.fr\/wp-content\/uploads\/2026\/02\/ceramique.jpg\u00a0\u00bb title_text=\u00a0\u00bbr\u00e9sine ceramique\u00a0\u00bb _builder_version=\u00a0\u00bb4.27.4&Prime; _module_preset=\u00a0\u00bbdefault\u00a0\u00bb global_colors_info=\u00a0\u00bb{}\u00a0\u00bb][\/et_pb_image][\/et_pb_column][\/et_pb_row][\/et_pb_section]<\/p>\n","protected":false},"excerpt":{"rendered":"<p>RESINES TECHNIQUESR\u00e9sines techniques \u2013 C\u00e9ramique et compositeChez DRJ Solutions, nous appliquons : r\u00e9sines c\u00e9ramiques haute r\u00e9sistance \u00e0 l\u2019abrasion, r\u00e9sines composites structurales, syst\u00e8mes de r\u00e9paration chimique et m\u00e9canique. Applications : r\u00e9paration de carters, remise en \u00e9tat de pi\u00e8ces us\u00e9es, traitement de surfaces \u00e9rod\u00e9es, protection contre corrosion et abrasion.<\/p>\n","protected":false},"author":1,"featured_media":0,"parent":0,"menu_order":0,"comment_status":"closed","ping_status":"closed","template":"","meta":{"_et_pb_use_builder":"on","_et_pb_old_content":"<!-- wp:divi\/placeholder \/-->","_et_gb_content_width":"","footnotes":""},"class_list":["post-1265","page","type-page","status-publish","hentry"],"_links":{"self":[{"href":"https:\/\/www.drj-solutions.fr\/index.php\/wp-json\/wp\/v2\/pages\/1265","targetHints":{"allow":["GET"]}}],"collection":[{"href":"https:\/\/www.drj-solutions.fr\/index.php\/wp-json\/wp\/v2\/pages"}],"about":[{"href":"https:\/\/www.drj-solutions.fr\/index.php\/wp-json\/wp\/v2\/types\/page"}],"author":[{"embeddable":true,"href":"https:\/\/www.drj-solutions.fr\/index.php\/wp-json\/wp\/v2\/users\/1"}],"replies":[{"embeddable":true,"href":"https:\/\/www.drj-solutions.fr\/index.php\/wp-json\/wp\/v2\/comments?post=1265"}],"version-history":[{"count":4,"href":"https:\/\/www.drj-solutions.fr\/index.php\/wp-json\/wp\/v2\/pages\/1265\/revisions"}],"predecessor-version":[{"id":1592,"href":"https:\/\/www.drj-solutions.fr\/index.php\/wp-json\/wp\/v2\/pages\/1265\/revisions\/1592"}],"wp:attachment":[{"href":"https:\/\/www.drj-solutions.fr\/index.php\/wp-json\/wp\/v2\/media?parent=1265"}],"curies":[{"name":"wp","href":"https:\/\/api.w.org\/{rel}","templated":true}]}}