{"id":1259,"date":"2026-02-24T09:10:45","date_gmt":"2026-02-24T09:10:45","guid":{"rendered":"https:\/\/www.drj-solutions.fr\/?page_id=1259"},"modified":"2026-02-27T14:21:01","modified_gmt":"2026-02-27T14:21:01","slug":"amiante-ss4-plomb","status":"publish","type":"page","link":"https:\/\/www.drj-solutions.fr\/index.php\/amiante-ss4-plomb\/","title":{"rendered":"AMIANTE SS4 \/ PLOMB"},"content":{"rendered":"<p>[et_pb_section fb_built=\u00a0\u00bb1&Prime; admin_label=\u00a0\u00bbHeader\u00a0\u00bb _builder_version=\u00a0\u00bb4.27.4&Prime; _module_preset=\u00a0\u00bbdefault\u00a0\u00bb use_background_color_gradient=\u00a0\u00bbon\u00a0\u00bb background_color_gradient_stops=\u00a0\u00bb#d8d9dd 0%|rgba(223,226,231,0.8) 40%\u00a0\u00bb background_color_gradient_overlays_image=\u00a0\u00bbon\u00a0\u00bb background_image=\u00a0\u00bbhttps:\/\/www.drj-solutions.fr\/wp-content\/uploads\/2026\/01\/WhatsApp-Image-2026-01-12-at-16.29.53.jpeg\u00a0\u00bb overflow-x=\u00a0\u00bbhidden\u00a0\u00bb overflow-y=\u00a0\u00bbhidden\u00a0\u00bb hover_enabled=\u00a0\u00bb0&Prime; locked=\u00a0\u00bboff\u00a0\u00bb collapsed=\u00a0\u00bbon\u00a0\u00bb global_colors_info=\u00a0\u00bb{}\u00a0\u00bb title_text=\u00a0\u00bbdesamiantage_img\u00a0\u00bb sticky_enabled=\u00a0\u00bb0&Prime;][et_pb_row column_structure=\u00a0\u00bb1_2,1_2&Prime; _builder_version=\u00a0\u00bb4.19.2&Prime; _module_preset=\u00a0\u00bbdefault\u00a0\u00bb global_colors_info=\u00a0\u00bb{}\u00a0\u00bb][et_pb_column type=\u00a0\u00bb1_2&Prime; _builder_version=\u00a0\u00bb4.19.2&Prime; _module_preset=\u00a0\u00bbdefault\u00a0\u00bb global_colors_info=\u00a0\u00bb{}\u00a0\u00bb][et_pb_text _builder_version=\u00a0\u00bb4.27.4&Prime; _module_preset=\u00a0\u00bb2da3d653-691e-4798-8e1b-9ac1ad689f90&Prime; global_colors_info=\u00a0\u00bb{}\u00a0\u00bb]<\/p>\n<h1>AMIANTE SS4 ET PLOMB<\/h1>\n<p>[\/et_pb_text][\/et_pb_column][et_pb_column type=\u00a0\u00bb1_2&Prime; _builder_version=\u00a0\u00bb4.19.2&Prime; _module_preset=\u00a0\u00bbdefault\u00a0\u00bb global_colors_info=\u00a0\u00bb{}\u00a0\u00bb][et_pb_image src=\u00a0\u00bbhttps:\/\/www.drj-solutions.fr\/wp-content\/uploads\/2025\/12\/DRJ-Solutions-theme-5-2.png\u00a0\u00bb title_text=\u00a0\u00bbDRJ Solutions theme -5-2&Prime; _builder_version=\u00a0\u00bb4.27.4&Prime; _module_preset=\u00a0\u00bbdefault\u00a0\u00bb positioning=\u00a0\u00bbabsolute\u00a0\u00bb position_origin_a=\u00a0\u00bbcenter_left\u00a0\u00bb width=\u00a0\u00bb100%\u00a0\u00bb global_colors_info=\u00a0\u00bb{}\u00a0\u00bb][\/et_pb_image][\/et_pb_column][\/et_pb_row][\/et_pb_section][et_pb_section fb_built=\u00a0\u00bb1&Prime; admin_label=\u00a0\u00bbProject\u00a0\u00bb _builder_version=\u00a0\u00bb4.19.2&Prime; _module_preset=\u00a0\u00bbdefault\u00a0\u00bb custom_padding=\u00a0\u00bb0px||||false|false\u00a0\u00bb collapsed=\u00a0\u00bbon\u00a0\u00bb global_colors_info=\u00a0\u00bb{}\u00a0\u00bb][et_pb_row _builder_version=\u00a0\u00bb4.19.2&Prime; _module_preset=\u00a0\u00bbdefault\u00a0\u00bb global_colors_info=\u00a0\u00bb{}\u00a0\u00bb][et_pb_column type=\u00a0\u00bb4_4&Prime; _builder_version=\u00a0\u00bb4.19.2&Prime; _module_preset=\u00a0\u00bbdefault\u00a0\u00bb custom_padding_tablet=\u00a0\u00bb||30px||false|false\u00a0\u00bb custom_padding_phone=\u00a0\u00bb||30px||false|false\u00a0\u00bb custom_padding_last_edited=\u00a0\u00bbon|tablet\u00a0\u00bb global_colors_info=\u00a0\u00bb{}\u00a0\u00bb][et_pb_text _builder_version=\u00a0\u00bb4.27.4&Prime; _module_preset=\u00a0\u00bb2c44cc00-512e-4f28-ab68-3a649613a080&Prime; custom_margin=\u00a0\u00bb||0px||false|false\u00a0\u00bb hover_enabled=\u00a0\u00bb0&Prime; global_colors_info=\u00a0\u00bb{}\u00a0\u00bb sticky_enabled=\u00a0\u00bb0&Prime;]<\/p>\n<h2 data-start=\"176\" data-end=\"239\">Travaux r\u00e9glementaires : amiante SS4 et plomb<\/h2>\n<p>[\/et_pb_text][et_pb_text _builder_version=\u00a0\u00bb4.27.4&Prime; _module_preset=\u00a0\u00bb5414981b-7816-4063-86b8-1d887acd1d20&Prime; hover_enabled=\u00a0\u00bb0&Prime; global_colors_info=\u00a0\u00bb{}\u00a0\u00bb sticky_enabled=\u00a0\u00bb0&Prime;]<\/p>\n<p data-start=\"426\" data-end=\"615\">Nous r\u00e9alisons des interventions de maintenance, r\u00e9paration et traitement sur mat\u00e9riaux susceptibles de contenir de l\u2019amiante ou du plomb, dans des environnements industriels et techniques.<\/p>\n<h2 data-start=\"622\" data-end=\"666\"><\/h2>\n<h3 data-start=\"622\" data-end=\"666\">Intervention en Sous-Section 4 (SS4)<\/h3>\n<p data-start=\"668\" data-end=\"832\">Nos \u00e9quipes sont form\u00e9es pour intervenir en <strong data-start=\"712\" data-end=\"736\">Sous-Section 4 (SS4)<\/strong>, dans le cadre d\u2019op\u00e9rations de maintenance ou d\u2019intervention ponctuelle sur mat\u00e9riaux amiant\u00e9s.<\/p>\n<p data-start=\"834\" data-end=\"874\">Ces interventions concernent notamment :<\/p>\n<ul data-start=\"876\" data-end=\"1011\">\n<li data-start=\"876\" data-end=\"916\">\n<p data-start=\"878\" data-end=\"916\">travaux localis\u00e9s sans retrait massif,<\/p>\n<\/li>\n<li data-start=\"917\" data-end=\"968\">\n<p data-start=\"919\" data-end=\"968\">op\u00e9rations correctives sur \u00e9quipements existants,<\/p>\n<\/li>\n<li data-start=\"969\" data-end=\"1011\">\n<p data-start=\"971\" data-end=\"1011\">maintenance sur installations anciennes.<\/p>\n<\/li>\n<\/ul>\n<p data-start=\"1013\" data-end=\"1043\">Chaque chantier fait l\u2019objet d&rsquo;un protole strict.<\/p>\n<p>[\/et_pb_text][\/et_pb_column][\/et_pb_row][et_pb_row column_structure=\u00a0\u00bb2_3,1_3&Prime; _builder_version=\u00a0\u00bb4.27.4&Prime; _module_preset=\u00a0\u00bbdefault\u00a0\u00bb global_colors_info=\u00a0\u00bb{}\u00a0\u00bb][et_pb_column type=\u00a0\u00bb2_3&Prime; _builder_version=\u00a0\u00bb4.27.4&Prime; _module_preset=\u00a0\u00bbdefault\u00a0\u00bb global_colors_info=\u00a0\u00bb{}\u00a0\u00bb][et_pb_text _builder_version=\u00a0\u00bb4.27.4&Prime; _module_preset=\u00a0\u00bbdefault\u00a0\u00bb hover_enabled=\u00a0\u00bb0&Prime; global_colors_info=\u00a0\u00bb{}\u00a0\u00bb sticky_enabled=\u00a0\u00bb0&Prime;]<\/p>\n<h2 data-start=\"1200\" data-end=\"1260\">D\u00e9capage chimique de peintures amiant\u00e9es ou plomb\u00e9es<\/h2>\n<p data-start=\"1262\" data-end=\"1389\">Nous r\u00e9alisons des op\u00e9rations de <strong data-start=\"1295\" data-end=\"1325\">d\u00e9capage chimique contr\u00f4l\u00e9<\/strong> sur rev\u00eatements contenant de l\u2019amiante ou du plomb, notamment :<\/p>\n<ul data-start=\"1391\" data-end=\"1503\">\n<li data-start=\"1391\" data-end=\"1427\">\n<p data-start=\"1393\" data-end=\"1427\">anciennes peintures industrielles,<\/p>\n<\/li>\n<li data-start=\"1428\" data-end=\"1468\">\n<p data-start=\"1430\" data-end=\"1468\">protections anticorrosion historiques,<\/p>\n<\/li>\n<li data-start=\"1469\" data-end=\"1503\">\n<p data-start=\"1471\" data-end=\"1503\">rev\u00eatements techniques d\u00e9grad\u00e9s.<\/p>\n<\/li>\n<\/ul>\n<p data-start=\"1505\" data-end=\"1604\">Cette m\u00e9thode limite la dispersion de fibres ou de poussi\u00e8res et permet une intervention s\u00e9curis\u00e9e.<\/p>\n<p data-start=\"2108\" data-end=\"2205\">[\/et_pb_text][\/et_pb_column][et_pb_column type=\u00a0\u00bb1_3&Prime; _builder_version=\u00a0\u00bb4.27.4&Prime; _module_preset=\u00a0\u00bbdefault\u00a0\u00bb global_colors_info=\u00a0\u00bb{}\u00a0\u00bb][et_pb_image src=\u00a0\u00bbhttps:\/\/www.drj-solutions.fr\/wp-content\/uploads\/2026\/02\/amiente.jpeg\u00a0\u00bb title_text=\u00a0\u00bbamiente\u00a0\u00bb _builder_version=\u00a0\u00bb4.27.4&Prime; _module_preset=\u00a0\u00bbdefault\u00a0\u00bb global_colors_info=\u00a0\u00bb{}\u00a0\u00bb][\/et_pb_image][\/et_pb_column][\/et_pb_row][et_pb_row column_structure=\u00a0\u00bb1_3,2_3&Prime; _builder_version=\u00a0\u00bb4.27.4&Prime; _module_preset=\u00a0\u00bbdefault\u00a0\u00bb global_colors_info=\u00a0\u00bb{}\u00a0\u00bb][et_pb_column type=\u00a0\u00bb1_3&Prime; _builder_version=\u00a0\u00bb4.27.4&Prime; _module_preset=\u00a0\u00bbdefault\u00a0\u00bb global_colors_info=\u00a0\u00bb{}\u00a0\u00bb][et_pb_image src=\u00a0\u00bbhttps:\/\/www.drj-solutions.fr\/wp-content\/uploads\/2026\/02\/WhatsApp-Image-2026-01-12-at-16.31.55.jpeg\u00a0\u00bb title_text=\u00a0\u00bbWhatsApp Image 2026-01-12 at 16.31.55&Prime; _builder_version=\u00a0\u00bb4.27.4&Prime; _module_preset=\u00a0\u00bbdefault\u00a0\u00bb global_colors_info=\u00a0\u00bb{}\u00a0\u00bb][\/et_pb_image][\/et_pb_column][et_pb_column type=\u00a0\u00bb2_3&Prime; _builder_version=\u00a0\u00bb4.27.4&Prime; _module_preset=\u00a0\u00bbdefault\u00a0\u00bb global_colors_info=\u00a0\u00bb{}\u00a0\u00bb][et_pb_text _builder_version=\u00a0\u00bb4.27.4&Prime; _module_preset=\u00a0\u00bbdefault\u00a0\u00bb global_colors_info=\u00a0\u00bb{}\u00a0\u00bb]<\/p>\n<h3 data-start=\"1611\" data-end=\"1670\">Traitement de joints amiant\u00e9s, braie et fibrociment<\/h3>\n<p data-start=\"1672\" data-end=\"1698\">Nos prestations incluent :<\/p>\n<ul data-start=\"1700\" data-end=\"1885\">\n<li data-start=\"1700\" data-end=\"1743\">\n<p data-start=\"1702\" data-end=\"1743\">traitement et reprise de joints amiant\u00e9s,<\/p>\n<\/li>\n<li data-start=\"1744\" data-end=\"1770\">\n<p data-start=\"1746\" data-end=\"1770\">interventions sur braie,<\/p>\n<\/li>\n<li data-start=\"1771\" data-end=\"1824\">\n<p data-start=\"1773\" data-end=\"1824\">r\u00e9parations ponctuelles sur plaques en fibrociment,<\/p>\n<\/li>\n<li data-start=\"1825\" data-end=\"1885\">\n<p data-start=\"1827\" data-end=\"1885\">maintenance de supports techniques contenant de l\u2019amiante.<\/p>\n<\/li>\n<\/ul>\n<h2 data-start=\"1892\" data-end=\"1953\"><\/h2>\n<h3 data-start=\"1892\" data-end=\"1953\">Enl\u00e8vement partiel de calorifuge et tresses ignifuges<\/h3>\n<p data-start=\"1955\" data-end=\"1978\">Nous intervenons pour :<\/p>\n<ul data-start=\"1980\" data-end=\"2106\">\n<li data-start=\"1980\" data-end=\"2021\">\n<p data-start=\"1982\" data-end=\"2021\">retrait partiel de laine de calorifuge,<\/p>\n<\/li>\n<li data-start=\"2022\" data-end=\"2067\">\n<p data-start=\"2024\" data-end=\"2067\">suppression localis\u00e9e de tresses ignifuges,<\/p>\n<\/li>\n<li data-start=\"2068\" data-end=\"2106\">\n<p data-start=\"2070\" data-end=\"2106\">maintenance sur r\u00e9seaux calorifug\u00e9s.<\/p>\n<\/li>\n<\/ul>\n<p>[\/et_pb_text][\/et_pb_column][\/et_pb_row][et_pb_row _builder_version=\u00a0\u00bb4.27.4&Prime; _module_preset=\u00a0\u00bbdefault\u00a0\u00bb][et_pb_column _builder_version=\u00a0\u00bb4.27.4&Prime; _module_preset=\u00a0\u00bbdefault\u00a0\u00bb type=\u00a0\u00bb4_4&Prime;][et_pb_text _builder_version=\u00a0\u00bb4.27.4&Prime; _module_preset=\u00a0\u00bbdefault\u00a0\u00bb hover_enabled=\u00a0\u00bb0&Prime; sticky_enabled=\u00a0\u00bb0&Prime;]<\/p>\n<h3>Nous r\u00e9pondons \u00e0 vos urgences<\/h3>\n<p>Soucieux d&rsquo;\u00eatre r\u00e9actifs, nous r\u00e9pondons dans les meilleurs d\u00e9lais \u00e0 vos besoins de traitement.\u00a0<\/p>\n<p>[\/et_pb_text][\/et_pb_column][\/et_pb_row][\/et_pb_section]<\/p>\n","protected":false},"excerpt":{"rendered":"<p>AMIANTE SS4 ET PLOMBTravaux r\u00e9glementaires : amiante SS4 et plombNous r\u00e9alisons des interventions de maintenance, r\u00e9paration et traitement sur mat\u00e9riaux susceptibles de contenir de l\u2019amiante ou du plomb, dans des environnements industriels et techniques. Intervention en Sous-Section 4 (SS4) Nos \u00e9quipes sont form\u00e9es pour intervenir en Sous-Section 4 (SS4), dans le cadre d\u2019op\u00e9rations de maintenance [&hellip;]<\/p>\n","protected":false},"author":1,"featured_media":0,"parent":0,"menu_order":0,"comment_status":"closed","ping_status":"closed","template":"","meta":{"_et_pb_use_builder":"on","_et_pb_old_content":"<!-- wp:divi\/placeholder \/-->","_et_gb_content_width":"","footnotes":""},"class_list":["post-1259","page","type-page","status-publish","hentry"],"_links":{"self":[{"href":"https:\/\/www.drj-solutions.fr\/index.php\/wp-json\/wp\/v2\/pages\/1259","targetHints":{"allow":["GET"]}}],"collection":[{"href":"https:\/\/www.drj-solutions.fr\/index.php\/wp-json\/wp\/v2\/pages"}],"about":[{"href":"https:\/\/www.drj-solutions.fr\/index.php\/wp-json\/wp\/v2\/types\/page"}],"author":[{"embeddable":true,"href":"https:\/\/www.drj-solutions.fr\/index.php\/wp-json\/wp\/v2\/users\/1"}],"replies":[{"embeddable":true,"href":"https:\/\/www.drj-solutions.fr\/index.php\/wp-json\/wp\/v2\/comments?post=1259"}],"version-history":[{"count":6,"href":"https:\/\/www.drj-solutions.fr\/index.php\/wp-json\/wp\/v2\/pages\/1259\/revisions"}],"predecessor-version":[{"id":1587,"href":"https:\/\/www.drj-solutions.fr\/index.php\/wp-json\/wp\/v2\/pages\/1259\/revisions\/1587"}],"wp:attachment":[{"href":"https:\/\/www.drj-solutions.fr\/index.php\/wp-json\/wp\/v2\/media?parent=1259"}],"curies":[{"name":"wp","href":"https:\/\/api.w.org\/{rel}","templated":true}]}}