{"id":1251,"date":"2026-02-24T09:07:21","date_gmt":"2026-02-24T09:07:21","guid":{"rendered":"https:\/\/www.drj-solutions.fr\/?page_id=1251"},"modified":"2026-02-27T14:10:39","modified_gmt":"2026-02-27T14:10:39","slug":"travaux-atelier","status":"publish","type":"page","link":"https:\/\/www.drj-solutions.fr\/index.php\/travaux-atelier\/","title":{"rendered":"TRAVAUX ATELIER"},"content":{"rendered":"<p>[et_pb_section fb_built=\u00a0\u00bb1&Prime; admin_label=\u00a0\u00bbHeader\u00a0\u00bb _builder_version=\u00a0\u00bb4.27.4&Prime; _module_preset=\u00a0\u00bbdefault\u00a0\u00bb use_background_color_gradient=\u00a0\u00bbon\u00a0\u00bb background_color_gradient_stops=\u00a0\u00bb#d8d9dd 0%|rgba(223,226,231,0.8) 40%\u00a0\u00bb background_color_gradient_overlays_image=\u00a0\u00bbon\u00a0\u00bb background_image=\u00a0\u00bbhttps:\/\/www.drj-solutions.fr\/wp-content\/uploads\/2026\/02\/WhatsApp-Image-2025-09-02-at-15.55.45.jpeg\u00a0\u00bb overflow-x=\u00a0\u00bbhidden\u00a0\u00bb overflow-y=\u00a0\u00bbhidden\u00a0\u00bb locked=\u00a0\u00bboff\u00a0\u00bb collapsed=\u00a0\u00bbon\u00a0\u00bb global_colors_info=\u00a0\u00bb{}\u00a0\u00bb][et_pb_row column_structure=\u00a0\u00bb1_2,1_2&Prime; _builder_version=\u00a0\u00bb4.19.2&Prime; _module_preset=\u00a0\u00bbdefault\u00a0\u00bb global_colors_info=\u00a0\u00bb{}\u00a0\u00bb][et_pb_column type=\u00a0\u00bb1_2&Prime; _builder_version=\u00a0\u00bb4.19.2&Prime; _module_preset=\u00a0\u00bbdefault\u00a0\u00bb global_colors_info=\u00a0\u00bb{}\u00a0\u00bb][et_pb_text _builder_version=\u00a0\u00bb4.27.4&Prime; _module_preset=\u00a0\u00bb097d0f1e-8b42-45fe-bf03-bab94f1a819d\u00a0\u00bb hover_enabled=\u00a0\u00bb0&Prime; global_colors_info=\u00a0\u00bb{}\u00a0\u00bb sticky_enabled=\u00a0\u00bb0&Prime;]<\/p>\n<h1>TRAVAUX ATELIER<\/h1>\n<p>[\/et_pb_text][\/et_pb_column][et_pb_column type=\u00a0\u00bb1_2&Prime; _builder_version=\u00a0\u00bb4.19.2&Prime; _module_preset=\u00a0\u00bbdefault\u00a0\u00bb global_colors_info=\u00a0\u00bb{}\u00a0\u00bb][et_pb_image src=\u00a0\u00bbhttps:\/\/www.drj-solutions.fr\/wp-content\/uploads\/2025\/12\/DRJ-Solutions-theme-5-2.png\u00a0\u00bb title_text=\u00a0\u00bbDRJ Solutions theme -5-2&Prime; _builder_version=\u00a0\u00bb4.27.4&Prime; _module_preset=\u00a0\u00bbdefault\u00a0\u00bb positioning=\u00a0\u00bbabsolute\u00a0\u00bb position_origin_a=\u00a0\u00bbcenter_left\u00a0\u00bb width=\u00a0\u00bb100%\u00a0\u00bb global_colors_info=\u00a0\u00bb{}\u00a0\u00bb][\/et_pb_image][\/et_pb_column][\/et_pb_row][\/et_pb_section][et_pb_section fb_built=\u00a0\u00bb1&Prime; admin_label=\u00a0\u00bbProject\u00a0\u00bb _builder_version=\u00a0\u00bb4.19.2&Prime; _module_preset=\u00a0\u00bbdefault\u00a0\u00bb custom_padding=\u00a0\u00bb0px||||false|false\u00a0\u00bb collapsed=\u00a0\u00bbon\u00a0\u00bb global_colors_info=\u00a0\u00bb{}\u00a0\u00bb][et_pb_row _builder_version=\u00a0\u00bb4.19.2&Prime; _module_preset=\u00a0\u00bbdefault\u00a0\u00bb global_colors_info=\u00a0\u00bb{}\u00a0\u00bb][et_pb_column type=\u00a0\u00bb4_4&Prime; _builder_version=\u00a0\u00bb4.19.2&Prime; _module_preset=\u00a0\u00bbdefault\u00a0\u00bb custom_padding_tablet=\u00a0\u00bb||30px||false|false\u00a0\u00bb custom_padding_phone=\u00a0\u00bb||30px||false|false\u00a0\u00bb custom_padding_last_edited=\u00a0\u00bbon|tablet\u00a0\u00bb global_colors_info=\u00a0\u00bb{}\u00a0\u00bb][et_pb_text _builder_version=\u00a0\u00bb4.27.4&Prime; _module_preset=\u00a0\u00bbdf1cb2c6-cd94-4d52-b418-616e6a019d8e\u00a0\u00bb custom_margin=\u00a0\u00bb||0px||false|false\u00a0\u00bb hover_enabled=\u00a0\u00bb0&Prime; global_colors_info=\u00a0\u00bb{}\u00a0\u00bb sticky_enabled=\u00a0\u00bb0&Prime;]<\/p>\n<h2 data-start=\"243\" data-end=\"322\">Travaux en atelier pour pr\u00e9paration de surface et peinture industrielle<\/h2>\n<p>[\/et_pb_text][et_pb_text _builder_version=\u00a0\u00bb4.27.4&Prime; _module_preset=\u00a0\u00bba4fcf6ae-2b1c-4896-8b0d-c7435b6a685e\u00a0\u00bb hover_enabled=\u00a0\u00bb0&Prime; global_colors_info=\u00a0\u00bb{}\u00a0\u00bb sticky_enabled=\u00a0\u00bb0&Prime;]<\/p>\n<p data-start=\"324\" data-end=\"483\">DRJ Solutions r\u00e9alise des <strong data-start=\"350\" data-end=\"383\">travaux en atelier<\/strong>\u00a0pour la pr\u00e9paration de surface, le grenaillage et l\u2019application de peinture industrielle en cabine.<\/p>\n<p data-start=\"485\" data-end=\"733\">Nos installations traitent pi\u00e8ces m\u00e9talliques, structures m\u00e9cano-soud\u00e9es et \u00e9quipements industriels dans des conditions parfaitement ma\u00eetris\u00e9es, garantissant qualit\u00e9, tra\u00e7abilit\u00e9 et conformit\u00e9 aux normes en vigueur.<\/p>\n<p>[\/et_pb_text][et_pb_text _builder_version=\u00a0\u00bb4.27.4&Prime; _module_preset=\u00a0\u00bbdefault\u00a0\u00bb global_colors_info=\u00a0\u00bb{}\u00a0\u00bb]<\/p>\n<h3 data-start=\"740\" data-end=\"790\">Pourquoi r\u00e9aliser les travaux en atelier ?<\/h3>\n<p data-start=\"792\" data-end=\"854\">Le travail en atelier offre des avantages techniques majeurs, notamment sur la maitrise de l&rsquo;environnement de travail et la propret\u00e9.\u00a0<\/p>\n<p data-start=\"1065\" data-end=\"1209\">Cette organisation garantit une pr\u00e9paration de surface et une application de rev\u00eatement conformes aux exigences industrielles les plus strictes.<\/p>\n<p>[\/et_pb_text][et_pb_text _builder_version=\u00a0\u00bb4.27.4&Prime; _module_preset=\u00a0\u00bbdefault\u00a0\u00bb global_colors_info=\u00a0\u00bb{}\u00a0\u00bb]<\/p>\n<h2 data-start=\"1216\" data-end=\"1255\">Grenaillage en cabine industrielle<\/h2>\n<h3 data-start=\"1257\" data-end=\"1326\">Grenaillage en cabine \u2013 Pr\u00e9paration m\u00e9canique haute pr\u00e9cision<\/h3>\n<p data-start=\"1328\" data-end=\"1455\">DRJ Solutions dispose d\u2019une <strong data-start=\"1356\" data-end=\"1394\">cabine de grenaillage industrielle<\/strong> permettant le traitement m\u00e9canique des surfaces m\u00e9talliques.<\/p>\n<p data-start=\"1689\" data-end=\"1833\">Gr\u00e2ce au syst\u00e8me en circuit ferm\u00e9, les abrasifs sont r\u00e9cup\u00e9r\u00e9s et recycl\u00e9s, garantissant une qualit\u00e9 constante et une ma\u00eetrise environnementale.<\/p>\n<h2 data-start=\"1840\" data-end=\"1872\"><\/h2>\n<h3 data-start=\"1840\" data-end=\"1872\">Types de pi\u00e8ces trait\u00e9es<\/h3>\n<p data-start=\"1874\" data-end=\"1896\">Nous intervenons sur :<\/p>\n<ul data-start=\"1898\" data-end=\"2039\">\n<li data-start=\"1898\" data-end=\"1923\">\n<p data-start=\"1900\" data-end=\"1923\">charpentes m\u00e9talliques,<\/p>\n<\/li>\n<li data-start=\"1924\" data-end=\"1958\">\n<p data-start=\"1926\" data-end=\"1958\">pi\u00e8ces m\u00e9caniques industrielles,<\/p>\n<\/li>\n<li data-start=\"1959\" data-end=\"1984\">\n<p data-start=\"1961\" data-end=\"1984\">\u00e9l\u00e9ments de tuyauterie,<\/p>\n<\/li>\n<li data-start=\"1985\" data-end=\"2039\">\n<p data-start=\"1987\" data-end=\"2039\">supports techniques avant m\u00e9tallisation ou peinture.<\/p>\n<\/li>\n<\/ul>\n<p>[\/et_pb_text][et_pb_text _builder_version=\u00a0\u00bb4.27.4&Prime; _module_preset=\u00a0\u00bbdefault\u00a0\u00bb global_colors_info=\u00a0\u00bb{}\u00a0\u00bb]<\/p>\n<h2 data-start=\"2046\" data-end=\"2082\">Peinture industrielle en cabine<\/h2>\n<h3 data-start=\"2046\" data-end=\"2082\">Application de peinture industrielle en environnement contr\u00f4l\u00e9<\/h3>\n<p data-start=\"2156\" data-end=\"2270\">Nos travaux en atelier incluent l\u2019application de <strong data-start=\"2205\" data-end=\"2246\">peintures industrielles anticorrosion<\/strong> dans une cabine d\u00e9di\u00e9e.<\/p>\n<p>[\/et_pb_text][et_pb_text _builder_version=\u00a0\u00bb4.27.4&Prime; _module_preset=\u00a0\u00bbdefault\u00a0\u00bb hover_enabled=\u00a0\u00bb0&Prime; global_colors_info=\u00a0\u00bb{}\u00a0\u00bb sticky_enabled=\u00a0\u00bb0&Prime;]<\/p>\n<h2 data-start=\"2869\" data-end=\"2905\"><\/h2>\n<h2 data-start=\"2869\" data-end=\"2905\">Contr\u00f4le qualit\u00e9 et tra\u00e7abilit\u00e9<\/h2>\n<h3 data-start=\"2907\" data-end=\"2948\">Une approche technique rigoureuse<\/h3>\n<p data-start=\"2950\" data-end=\"3027\">Tous les travaux en atelier sont r\u00e9alis\u00e9s selon une m\u00e9thodologie structur\u00e9e :<\/p>\n<ul data-start=\"3029\" data-end=\"3221\">\n<li data-start=\"3029\" data-end=\"3069\">\n<p data-start=\"3031\" data-end=\"3069\">inspection visuelle apr\u00e8s pr\u00e9paration,<\/p>\n<\/li>\n<li data-start=\"3070\" data-end=\"3104\">\n<p data-start=\"3072\" data-end=\"3104\">validation du degr\u00e9 de propret\u00e9,<\/p>\n<\/li>\n<li data-start=\"3105\" data-end=\"3138\">\n<p data-start=\"3107\" data-end=\"3138\">contr\u00f4le du profil de rugosit\u00e9,<\/p>\n<\/li>\n<li data-start=\"3139\" data-end=\"3177\">\n<p data-start=\"3141\" data-end=\"3177\">v\u00e9rification des \u00e9paisseurs finales,<\/p>\n<\/li>\n<li data-start=\"3178\" data-end=\"3221\">\n<p data-start=\"3180\" data-end=\"3221\">respect des fiches techniques fabricants.<\/p>\n<\/li>\n<\/ul>\n<p data-start=\"3223\" data-end=\"3297\">Cette rigueur garantit la durabilit\u00e9 des syst\u00e8mes anticorrosion appliqu\u00e9s.<\/p>\n<p data-start=\"3223\" data-end=\"3297\">\n<h3 data-start=\"3223\" data-end=\"3297\">La qualit\u00e9 : au centre de notre m\u00e9tier<\/h3>\n<p data-start=\"3223\" data-end=\"3297\">Nous avons un service qualit\u00e9 dont l&rsquo;objectif est de contr\u00f4ler les pieces qui sortent de l&rsquo;atelier. Ils inspectent chaque d\u00e9tail afin de d\u00e9livrer le meilleur rendu.<\/p>\n<p>[\/et_pb_text][\/et_pb_column][\/et_pb_row][et_pb_row _builder_version=\u00a0\u00bb4.27.4&Prime; _module_preset=\u00a0\u00bbdefault\u00a0\u00bb global_colors_info=\u00a0\u00bb{}\u00a0\u00bb][et_pb_column type=\u00a0\u00bb4_4&Prime; _builder_version=\u00a0\u00bb4.27.4&Prime; _module_preset=\u00a0\u00bbdefault\u00a0\u00bb global_colors_info=\u00a0\u00bb{}\u00a0\u00bb][et_pb_cta title=\u00a0\u00bbVoici quelques exemples de nos r\u00e9alisations\u00a0\u00bb button_url=\u00a0\u00bb@ET-DC@eyJkeW5hbWljIjp0cnVlLCJjb250ZW50IjoicG9zdF9saW5rX3VybF9wYWdlIiwic2V0dGluZ3MiOnsicG9zdF9pZCI6Ijk3OCJ9fQ==@\u00a0\u00bb button_text=\u00a0\u00bbNos r\u00e9alisations\u00a0\u00bb _builder_version=\u00a0\u00bb4.27.4&Prime; _dynamic_attributes=\u00a0\u00bbbutton_url\u00a0\u00bb _module_preset=\u00a0\u00bbdefault\u00a0\u00bb background_color=\u00a0\u00bb#BE3E3F\u00a0\u00bb global_colors_info=\u00a0\u00bb{}\u00a0\u00bb][\/et_pb_cta][\/et_pb_column][\/et_pb_row][\/et_pb_section]<\/p>\n","protected":false},"excerpt":{"rendered":"<p>TRAVAUX ATELIERTravaux en atelier pour pr\u00e9paration de surface et peinture industrielleDRJ Solutions r\u00e9alise des travaux en atelier\u00a0pour la pr\u00e9paration de surface, le grenaillage et l\u2019application de peinture industrielle en cabine. Nos installations traitent pi\u00e8ces m\u00e9talliques, structures m\u00e9cano-soud\u00e9es et \u00e9quipements industriels dans des conditions parfaitement ma\u00eetris\u00e9es, garantissant qualit\u00e9, tra\u00e7abilit\u00e9 et conformit\u00e9 aux normes en vigueur.Pourquoi r\u00e9aliser [&hellip;]<\/p>\n","protected":false},"author":1,"featured_media":0,"parent":0,"menu_order":0,"comment_status":"closed","ping_status":"closed","template":"","meta":{"_et_pb_use_builder":"on","_et_pb_old_content":"<!-- wp:divi\/placeholder \/-->","_et_gb_content_width":"","footnotes":""},"class_list":["post-1251","page","type-page","status-publish","hentry"],"_links":{"self":[{"href":"https:\/\/www.drj-solutions.fr\/index.php\/wp-json\/wp\/v2\/pages\/1251","targetHints":{"allow":["GET"]}}],"collection":[{"href":"https:\/\/www.drj-solutions.fr\/index.php\/wp-json\/wp\/v2\/pages"}],"about":[{"href":"https:\/\/www.drj-solutions.fr\/index.php\/wp-json\/wp\/v2\/types\/page"}],"author":[{"embeddable":true,"href":"https:\/\/www.drj-solutions.fr\/index.php\/wp-json\/wp\/v2\/users\/1"}],"replies":[{"embeddable":true,"href":"https:\/\/www.drj-solutions.fr\/index.php\/wp-json\/wp\/v2\/comments?post=1251"}],"version-history":[{"count":7,"href":"https:\/\/www.drj-solutions.fr\/index.php\/wp-json\/wp\/v2\/pages\/1251\/revisions"}],"predecessor-version":[{"id":1581,"href":"https:\/\/www.drj-solutions.fr\/index.php\/wp-json\/wp\/v2\/pages\/1251\/revisions\/1581"}],"wp:attachment":[{"href":"https:\/\/www.drj-solutions.fr\/index.php\/wp-json\/wp\/v2\/media?parent=1251"}],"curies":[{"name":"wp","href":"https:\/\/api.w.org\/{rel}","templated":true}]}}