{"id":1228,"date":"2026-02-24T08:59:29","date_gmt":"2026-02-24T08:59:29","guid":{"rendered":"https:\/\/www.drj-solutions.fr\/?page_id=1228"},"modified":"2026-02-27T13:48:58","modified_gmt":"2026-02-27T13:48:58","slug":"revetements-speciaux","status":"publish","type":"page","link":"https:\/\/www.drj-solutions.fr\/index.php\/revetements-speciaux\/","title":{"rendered":"REVETEMENTS SPECIAUX\u00a0"},"content":{"rendered":"<p>[et_pb_section fb_built=\u00a0\u00bb1&Prime; admin_label=\u00a0\u00bbHeader\u00a0\u00bb _builder_version=\u00a0\u00bb4.27.4&Prime; _module_preset=\u00a0\u00bbdefault\u00a0\u00bb use_background_color_gradient=\u00a0\u00bbon\u00a0\u00bb background_color_gradient_stops=\u00a0\u00bb#d8d9dd 0%|rgba(223,226,231,0.8) 40%\u00a0\u00bb background_color_gradient_overlays_image=\u00a0\u00bbon\u00a0\u00bb background_image=\u00a0\u00bbhttps:\/\/www.drj-solutions.fr\/wp-content\/uploads\/2026\/01\/WhatsApp-Image-2026-01-12-at-15.17.37-1-e1771931803566.jpeg\u00a0\u00bb overflow-x=\u00a0\u00bbhidden\u00a0\u00bb overflow-y=\u00a0\u00bbhidden\u00a0\u00bb locked=\u00a0\u00bboff\u00a0\u00bb collapsed=\u00a0\u00bbon\u00a0\u00bb global_colors_info=\u00a0\u00bb{}\u00a0\u00bb][et_pb_row column_structure=\u00a0\u00bb1_2,1_2&Prime; _builder_version=\u00a0\u00bb4.19.2&Prime; _module_preset=\u00a0\u00bbdefault\u00a0\u00bb global_colors_info=\u00a0\u00bb{}\u00a0\u00bb][et_pb_column type=\u00a0\u00bb1_2&Prime; _builder_version=\u00a0\u00bb4.19.2&Prime; _module_preset=\u00a0\u00bbdefault\u00a0\u00bb global_colors_info=\u00a0\u00bb{}\u00a0\u00bb][et_pb_text _builder_version=\u00a0\u00bb4.27.4&Prime; _module_preset=\u00a0\u00bb2da3d653-691e-4798-8e1b-9ac1ad689f90&Prime; hover_enabled=\u00a0\u00bb0&Prime; global_colors_info=\u00a0\u00bb{}\u00a0\u00bb header_font_size=\u00a0\u00bb56px\u00a0\u00bb sticky_enabled=\u00a0\u00bb0&Prime;]<\/p>\n<h1>REVETEMENTS SPECIAUX<\/h1>\n<p>[\/et_pb_text][\/et_pb_column][et_pb_column type=\u00a0\u00bb1_2&Prime; _builder_version=\u00a0\u00bb4.19.2&Prime; _module_preset=\u00a0\u00bbdefault\u00a0\u00bb global_colors_info=\u00a0\u00bb{}\u00a0\u00bb][et_pb_image src=\u00a0\u00bbhttps:\/\/www.drj-solutions.fr\/wp-content\/uploads\/2025\/12\/DRJ-Solutions-theme-5-2.png\u00a0\u00bb title_text=\u00a0\u00bbDRJ Solutions theme -5-2&Prime; _builder_version=\u00a0\u00bb4.27.4&Prime; _module_preset=\u00a0\u00bbdefault\u00a0\u00bb positioning=\u00a0\u00bbabsolute\u00a0\u00bb position_origin_a=\u00a0\u00bbcenter_left\u00a0\u00bb width=\u00a0\u00bb100%\u00a0\u00bb global_colors_info=\u00a0\u00bb{}\u00a0\u00bb][\/et_pb_image][\/et_pb_column][\/et_pb_row][\/et_pb_section][et_pb_section fb_built=\u00a0\u00bb1&Prime; admin_label=\u00a0\u00bbProject\u00a0\u00bb _builder_version=\u00a0\u00bb4.19.2&Prime; _module_preset=\u00a0\u00bbdefault\u00a0\u00bb custom_padding=\u00a0\u00bb0px||||false|false\u00a0\u00bb collapsed=\u00a0\u00bbon\u00a0\u00bb global_colors_info=\u00a0\u00bb{}\u00a0\u00bb][et_pb_row _builder_version=\u00a0\u00bb4.19.2&Prime; _module_preset=\u00a0\u00bbdefault\u00a0\u00bb global_colors_info=\u00a0\u00bb{}\u00a0\u00bb][et_pb_column type=\u00a0\u00bb4_4&Prime; _builder_version=\u00a0\u00bb4.19.2&Prime; _module_preset=\u00a0\u00bbdefault\u00a0\u00bb custom_padding_tablet=\u00a0\u00bb||30px||false|false\u00a0\u00bb custom_padding_phone=\u00a0\u00bb||30px||false|false\u00a0\u00bb custom_padding_last_edited=\u00a0\u00bbon|tablet\u00a0\u00bb global_colors_info=\u00a0\u00bb{}\u00a0\u00bb][et_pb_text _builder_version=\u00a0\u00bb4.27.4&Prime; _module_preset=\u00a0\u00bb2c44cc00-512e-4f28-ab68-3a649613a080&Prime; custom_margin=\u00a0\u00bb||0px||false|false\u00a0\u00bb global_colors_info=\u00a0\u00bb{}\u00a0\u00bb]<\/p>\n<h2 data-start=\"299\" data-end=\"381\"><span>Rev\u00eatements sp\u00e9ciaux par bande PE et Trenton<\/span><\/h2>\n<p>[\/et_pb_text][et_pb_text _builder_version=\u00a0\u00bb4.27.4&Prime; _module_preset=\u00a0\u00bb5414981b-7816-4063-86b8-1d887acd1d20&Prime; global_colors_info=\u00a0\u00bb{}\u00a0\u00bb]<\/p>\n<p data-start=\"330\" data-end=\"578\">Les <strong data-start=\"334\" data-end=\"391\">rev\u00eatements sp\u00e9ciaux par bande PE et syst\u00e8mes Trenton<\/strong> sont des solutions de protection anticorrosion utilis\u00e9es principalement pour les canalisations enterr\u00e9es, r\u00e9seaux industriels et ouvrages soumis \u00e0 des environnements fortement corrosifs.<\/p>\n<p data-start=\"580\" data-end=\"779\">Nous intervennons \u00e0 l&rsquo;international pour la mise en \u0153uvre de syst\u00e8mes d\u2019enrobage conformes aux exigences techniques des exploitants industriels et des gestionnaires de r\u00e9seaux.<\/p>\n<h3 data-start=\"786\" data-end=\"851\">\u00a0Pourquoi utiliser un rev\u00eatement par bande PE ou Trenton ?<\/h3>\n<p data-start=\"853\" data-end=\"921\">Les r\u00e9seaux enterr\u00e9s et les conduites industrielles sont expos\u00e9s \u00e0 :<\/p>\n<ul data-start=\"923\" data-end=\"1033\">\n<li data-start=\"923\" data-end=\"951\">\n<p data-start=\"925\" data-end=\"951\">corrosion \u00e9lectrochimique,<\/p>\n<\/li>\n<li data-start=\"952\" data-end=\"974\">\n<p data-start=\"954\" data-end=\"974\">humidit\u00e9 permanente,<\/p>\n<\/li>\n<li data-start=\"975\" data-end=\"1007\">\n<p data-start=\"977\" data-end=\"1007\">agressions chimiques des sols,<\/p>\n<\/li>\n<li data-start=\"1008\" data-end=\"1033\">\n<p data-start=\"1010\" data-end=\"1033\">contraintes m\u00e9caniques.<\/p>\n<\/li>\n<\/ul>\n<p data-start=\"1035\" data-end=\"1178\">Les syst\u00e8mes <strong data-start=\"1048\" data-end=\"1075\">bande poly\u00e9thyl\u00e8ne (PE)<\/strong> et <strong data-start=\"1079\" data-end=\"1100\">Trenton Wax-Tape\u00ae<\/strong> assurent une protection durable et flexible adapt\u00e9e aux g\u00e9om\u00e9tries complexes.<\/p>\n<p>[\/et_pb_text][et_pb_text _builder_version=\u00a0\u00bb4.27.4&Prime; _module_preset=\u00a0\u00bbdefault\u00a0\u00bb hover_enabled=\u00a0\u00bb0&Prime; global_colors_info=\u00a0\u00bb{}\u00a0\u00bb sticky_enabled=\u00a0\u00bb0&Prime;]<\/p>\n<h3 data-start=\"1545\" data-end=\"1579\">Applications industrielles<\/h3>\n<p data-start=\"1581\" data-end=\"1604\">Nous intervenons pour :<\/p>\n<ul data-start=\"1606\" data-end=\"1755\">\n<li data-start=\"1606\" data-end=\"1644\">\n<p data-start=\"1608\" data-end=\"1644\">protection de tuyauteries enterr\u00e9es,<\/p>\n<\/li>\n<li data-start=\"1645\" data-end=\"1684\">\n<p data-start=\"1647\" data-end=\"1684\">r\u00e9paration de rev\u00eatements endommag\u00e9s,<\/p>\n<\/li>\n<li data-start=\"1685\" data-end=\"1715\">\n<p data-start=\"1687\" data-end=\"1715\">protection de r\u00e9seaux neufs,<\/p>\n<\/li>\n<li data-start=\"1716\" data-end=\"1755\">\n<p data-start=\"1718\" data-end=\"1755\">r\u00e9habilitation de tron\u00e7ons existants.<\/p>\n<\/li>\n<\/ul>\n<p data-start=\"1757\" data-end=\"1803\">La bande PE est particuli\u00e8rement adapt\u00e9e aux :<\/p>\n<ul data-start=\"1805\" data-end=\"1896\">\n<li data-start=\"1805\" data-end=\"1817\">\n<p data-start=\"1807\" data-end=\"1817\">pipelines,<\/p>\n<\/li>\n<li data-start=\"1818\" data-end=\"1832\">\n<p data-start=\"1820\" data-end=\"1832\">r\u00e9seaux gaz,<\/p>\n<\/li>\n<li data-start=\"1833\" data-end=\"1864\">\n<p data-start=\"1835\" data-end=\"1864\">conduites d\u2019eau industrielle,<\/p>\n<\/li>\n<li data-start=\"1865\" data-end=\"1896\">\n<p data-start=\"1867\" data-end=\"1896\">installations p\u00e9trochimiques.<\/p>\n<\/li>\n<\/ul>\n<p>Nous intervenons<strong> sur site et en atelier<\/strong> en fonction des besoins de nos clients.<\/p>\n<p>[\/et_pb_text][\/et_pb_column][\/et_pb_row][et_pb_row column_structure=\u00a0\u00bb1_2,1_2&Prime; _builder_version=\u00a0\u00bb4.19.2&Prime; _module_preset=\u00a0\u00bbdefault\u00a0\u00bb global_colors_info=\u00a0\u00bb{}\u00a0\u00bb][et_pb_column type=\u00a0\u00bb1_2&Prime; _builder_version=\u00a0\u00bb4.19.2&Prime; _module_preset=\u00a0\u00bbdefault\u00a0\u00bb custom_padding_tablet=\u00a0\u00bb||30px||false|false\u00a0\u00bb custom_padding_phone=\u00a0\u00bb||30px||false|false\u00a0\u00bb custom_padding_last_edited=\u00a0\u00bbon|tablet\u00a0\u00bb global_colors_info=\u00a0\u00bb{}\u00a0\u00bb][et_pb_image src=\u00a0\u00bbhttps:\/\/www.drj-solutions.fr\/wp-content\/uploads\/2026\/02\/TRENTON.jpeg\u00a0\u00bb title_text=\u00a0\u00bbTRENTON\u00a0\u00bb _builder_version=\u00a0\u00bb4.27.4&Prime; _module_preset=\u00a0\u00bbdefault\u00a0\u00bb global_colors_info=\u00a0\u00bb{}\u00a0\u00bb][\/et_pb_image][\/et_pb_column][et_pb_column type=\u00a0\u00bb1_2&Prime; _builder_version=\u00a0\u00bb4.19.2&Prime; _module_preset=\u00a0\u00bbdefault\u00a0\u00bb global_colors_info=\u00a0\u00bb{}\u00a0\u00bb][et_pb_image src=\u00a0\u00bbhttps:\/\/www.drj-solutions.fr\/wp-content\/uploads\/2026\/02\/bandePE.jpg\u00a0\u00bb title_text=\u00a0\u00bbbandePE\u00a0\u00bb _builder_version=\u00a0\u00bb4.27.4&Prime; _module_preset=\u00a0\u00bbdefault\u00a0\u00bb global_colors_info=\u00a0\u00bb{}\u00a0\u00bb][\/et_pb_image][\/et_pb_column][\/et_pb_row][et_pb_row _builder_version=\u00a0\u00bb4.27.4&Prime; _module_preset=\u00a0\u00bbdefault\u00a0\u00bb global_colors_info=\u00a0\u00bb{}\u00a0\u00bb][et_pb_column type=\u00a0\u00bb4_4&Prime; _builder_version=\u00a0\u00bb4.27.4&Prime; _module_preset=\u00a0\u00bbdefault\u00a0\u00bb global_colors_info=\u00a0\u00bb{}\u00a0\u00bb][et_pb_text _builder_version=\u00a0\u00bb4.27.4&Prime; _module_preset=\u00a0\u00bbdefault\u00a0\u00bb hover_enabled=\u00a0\u00bb0&Prime; global_colors_info=\u00a0\u00bb{}\u00a0\u00bb sticky_enabled=\u00a0\u00bb0&Prime;]<\/p>\n<h1 data-start=\"197\" data-end=\"257\">Rev\u00eatement alimentaire industriel norme ACS\u00a0<\/h1>\n<h3 data-start=\"259\" data-end=\"335\">Rev\u00eatement alimentaire conforme norme ACS pour r\u00e9seaux et r\u00e9servoirs<\/h3>\n<p data-start=\"337\" data-end=\"546\">Le <strong data-start=\"340\" data-end=\"439\">rev\u00eatement alimentaire industriel conforme \u00e0 la norme ACS (Attestation de Conformit\u00e9 Sanitaire)<\/strong> est destin\u00e9 \u00e0 la protection des surfaces en contact avec l\u2019eau potable ou les fluides \u00e0 usage alimentaire.<\/p>\n<p data-start=\"548\" data-end=\"742\">Nous appliquons des syst\u00e8mes certifi\u00e9s garantissant la s\u00e9curit\u00e9 sanitaire, la durabilit\u00e9 des ouvrages et la conformit\u00e9 r\u00e9glementaire.<\/p>\n<p>[\/et_pb_text][\/et_pb_column][\/et_pb_row][et_pb_row column_structure=\u00a0\u00bb1_2,1_2&Prime; _builder_version=\u00a0\u00bb4.27.4&Prime; _module_preset=\u00a0\u00bbdefault\u00a0\u00bb global_colors_info=\u00a0\u00bb{}\u00a0\u00bb][et_pb_column type=\u00a0\u00bb1_2&Prime; _builder_version=\u00a0\u00bb4.27.4&Prime; _module_preset=\u00a0\u00bbdefault\u00a0\u00bb global_colors_info=\u00a0\u00bb{}\u00a0\u00bb][et_pb_image src=\u00a0\u00bbhttps:\/\/www.drj-solutions.fr\/wp-content\/uploads\/2026\/02\/revetement-alimentaire-acs-.jpeg\u00a0\u00bb title_text=\u00a0\u00bbrevetement alimentaire acs\u00a0\u00bb _builder_version=\u00a0\u00bb4.27.4&Prime; _module_preset=\u00a0\u00bbdefault\u00a0\u00bb global_colors_info=\u00a0\u00bb{}\u00a0\u00bb][\/et_pb_image][\/et_pb_column][et_pb_column type=\u00a0\u00bb1_2&Prime; _builder_version=\u00a0\u00bb4.27.4&Prime; _module_preset=\u00a0\u00bbdefault\u00a0\u00bb global_colors_info=\u00a0\u00bb{}\u00a0\u00bb][et_pb_image src=\u00a0\u00bbhttps:\/\/www.drj-solutions.fr\/wp-content\/uploads\/2026\/02\/WhatsApp-Image-2025-12-12-at-09.19.09-1.jpeg\u00a0\u00bb title_text=\u00a0\u00bbWhatsApp Image 2025-12-12 at 09.19.09 (1)\u00a0\u00bb _builder_version=\u00a0\u00bb4.27.4&Prime; _module_preset=\u00a0\u00bbdefault\u00a0\u00bb global_colors_info=\u00a0\u00bb{}\u00a0\u00bb][\/et_pb_image][\/et_pb_column][\/et_pb_row][\/et_pb_section]<\/p>\n","protected":false},"excerpt":{"rendered":"<p>REVETEMENTS SPECIAUXRev\u00eatements sp\u00e9ciaux par bande PE et TrentonLes rev\u00eatements sp\u00e9ciaux par bande PE et syst\u00e8mes Trenton sont des solutions de protection anticorrosion utilis\u00e9es principalement pour les canalisations enterr\u00e9es, r\u00e9seaux industriels et ouvrages soumis \u00e0 des environnements fortement corrosifs. Nous intervennons \u00e0 l&rsquo;international pour la mise en \u0153uvre de syst\u00e8mes d\u2019enrobage conformes aux exigences techniques des [&hellip;]<\/p>\n","protected":false},"author":1,"featured_media":0,"parent":0,"menu_order":0,"comment_status":"closed","ping_status":"closed","template":"","meta":{"_et_pb_use_builder":"on","_et_pb_old_content":"<!-- wp:divi\/placeholder \/-->","_et_gb_content_width":"","footnotes":""},"class_list":["post-1228","page","type-page","status-publish","hentry"],"_links":{"self":[{"href":"https:\/\/www.drj-solutions.fr\/index.php\/wp-json\/wp\/v2\/pages\/1228","targetHints":{"allow":["GET"]}}],"collection":[{"href":"https:\/\/www.drj-solutions.fr\/index.php\/wp-json\/wp\/v2\/pages"}],"about":[{"href":"https:\/\/www.drj-solutions.fr\/index.php\/wp-json\/wp\/v2\/types\/page"}],"author":[{"embeddable":true,"href":"https:\/\/www.drj-solutions.fr\/index.php\/wp-json\/wp\/v2\/users\/1"}],"replies":[{"embeddable":true,"href":"https:\/\/www.drj-solutions.fr\/index.php\/wp-json\/wp\/v2\/comments?post=1228"}],"version-history":[{"count":4,"href":"https:\/\/www.drj-solutions.fr\/index.php\/wp-json\/wp\/v2\/pages\/1228\/revisions"}],"predecessor-version":[{"id":1558,"href":"https:\/\/www.drj-solutions.fr\/index.php\/wp-json\/wp\/v2\/pages\/1228\/revisions\/1558"}],"wp:attachment":[{"href":"https:\/\/www.drj-solutions.fr\/index.php\/wp-json\/wp\/v2\/media?parent=1228"}],"curies":[{"name":"wp","href":"https:\/\/api.w.org\/{rel}","templated":true}]}}