{"id":1207,"date":"2026-02-24T08:50:04","date_gmt":"2026-02-24T08:50:04","guid":{"rendered":"https:\/\/www.drj-solutions.fr\/?page_id=1207"},"modified":"2026-02-27T13:32:14","modified_gmt":"2026-02-27T13:32:14","slug":"hydro-decapage","status":"publish","type":"page","link":"https:\/\/www.drj-solutions.fr\/index.php\/hydro-decapage\/","title":{"rendered":"HYDRO-DECAPAGE"},"content":{"rendered":"<p>[et_pb_section fb_built=\u00a0\u00bb1&Prime; admin_label=\u00a0\u00bbHeader\u00a0\u00bb _builder_version=\u00a0\u00bb4.27.4&Prime; _module_preset=\u00a0\u00bbdefault\u00a0\u00bb use_background_color_gradient=\u00a0\u00bbon\u00a0\u00bb background_color_gradient_stops=\u00a0\u00bb#d8d9dd 0%|rgba(223,226,231,0.8) 40%\u00a0\u00bb background_color_gradient_overlays_image=\u00a0\u00bbon\u00a0\u00bb background_image=\u00a0\u00bbhttps:\/\/www.drj-solutions.fr\/wp-content\/uploads\/2020\/03\/Fotolia_71614985_Subscription_Monthly_M.jpg\u00a0\u00bb overflow-x=\u00a0\u00bbhidden\u00a0\u00bb overflow-y=\u00a0\u00bbhidden\u00a0\u00bb locked=\u00a0\u00bboff\u00a0\u00bb collapsed=\u00a0\u00bbon\u00a0\u00bb global_colors_info=\u00a0\u00bb{}\u00a0\u00bb][et_pb_row column_structure=\u00a0\u00bb1_2,1_2&Prime; _builder_version=\u00a0\u00bb4.19.2&Prime; _module_preset=\u00a0\u00bbdefault\u00a0\u00bb global_colors_info=\u00a0\u00bb{}\u00a0\u00bb][et_pb_column type=\u00a0\u00bb1_2&Prime; _builder_version=\u00a0\u00bb4.19.2&Prime; _module_preset=\u00a0\u00bbdefault\u00a0\u00bb global_colors_info=\u00a0\u00bb{}\u00a0\u00bb][et_pb_text _builder_version=\u00a0\u00bb4.27.4&Prime; _module_preset=\u00a0\u00bb2da3d653-691e-4798-8e1b-9ac1ad689f90&Prime; global_colors_info=\u00a0\u00bb{}\u00a0\u00bb]<\/p>\n<h1><span>HYDRO D\u00c9CAPAGE<\/span><\/h1>\n<p>[\/et_pb_text][\/et_pb_column][et_pb_column type=\u00a0\u00bb1_2&Prime; _builder_version=\u00a0\u00bb4.19.2&Prime; _module_preset=\u00a0\u00bbdefault\u00a0\u00bb global_colors_info=\u00a0\u00bb{}\u00a0\u00bb][et_pb_image src=\u00a0\u00bbhttps:\/\/www.drj-solutions.fr\/wp-content\/uploads\/2025\/12\/DRJ-Solutions-theme-5-2.png\u00a0\u00bb title_text=\u00a0\u00bbDRJ Solutions theme -5-2&Prime; _builder_version=\u00a0\u00bb4.27.4&Prime; _module_preset=\u00a0\u00bbdefault\u00a0\u00bb positioning=\u00a0\u00bbabsolute\u00a0\u00bb position_origin_a=\u00a0\u00bbcenter_left\u00a0\u00bb width=\u00a0\u00bb100%\u00a0\u00bb global_colors_info=\u00a0\u00bb{}\u00a0\u00bb][\/et_pb_image][\/et_pb_column][\/et_pb_row][\/et_pb_section][et_pb_section fb_built=\u00a0\u00bb1&Prime; admin_label=\u00a0\u00bbProject\u00a0\u00bb _builder_version=\u00a0\u00bb4.19.2&Prime; _module_preset=\u00a0\u00bbdefault\u00a0\u00bb custom_padding=\u00a0\u00bb0px||||false|false\u00a0\u00bb collapsed=\u00a0\u00bbon\u00a0\u00bb global_colors_info=\u00a0\u00bb{}\u00a0\u00bb][et_pb_row _builder_version=\u00a0\u00bb4.19.2&Prime; _module_preset=\u00a0\u00bbdefault\u00a0\u00bb global_colors_info=\u00a0\u00bb{}\u00a0\u00bb][et_pb_column type=\u00a0\u00bb4_4&Prime; _builder_version=\u00a0\u00bb4.19.2&Prime; _module_preset=\u00a0\u00bbdefault\u00a0\u00bb custom_padding_tablet=\u00a0\u00bb||30px||false|false\u00a0\u00bb custom_padding_phone=\u00a0\u00bb||30px||false|false\u00a0\u00bb custom_padding_last_edited=\u00a0\u00bbon|tablet\u00a0\u00bb global_colors_info=\u00a0\u00bb{}\u00a0\u00bb][et_pb_text _builder_version=\u00a0\u00bb4.27.4&Prime; _module_preset=\u00a0\u00bb2c44cc00-512e-4f28-ab68-3a649613a080&Prime; custom_margin=\u00a0\u00bb||0px||false|false\u00a0\u00bb global_colors_info=\u00a0\u00bb{}\u00a0\u00bb]<\/p>\n<h2 data-start=\"1990\" data-end=\"2050\">Hydro d\u00e9capage haute pression<\/h2>\n<p>[\/et_pb_text][et_pb_text _builder_version=\u00a0\u00bb4.27.4&Prime; _module_preset=\u00a0\u00bb5414981b-7816-4063-86b8-1d887acd1d20&Prime; global_colors_info=\u00a0\u00bb{}\u00a0\u00bb]<\/p>\n<p data-start=\"614\" data-end=\"821\">L\u2019<strong data-start=\"2054\" data-end=\"2083\">hydro d\u00e9capage<\/strong>\u00a0est une technique de pr\u00e9paration de surface par projection d\u2019eau \u00e0 tr\u00e8s haute pression, permettant d\u2019\u00e9liminer rev\u00eatements, corrosion et contaminants sans abrasion m\u00e9canique.<\/p>\n<p>[\/et_pb_text][et_pb_text _builder_version=\u00a0\u00bb4.27.4&Prime; _module_preset=\u00a0\u00bb5414981b-7816-4063-86b8-1d887acd1d20&Prime; global_colors_info=\u00a0\u00bb{}\u00a0\u00bb]<\/p>\n<h3 data-start=\"2264\" data-end=\"2300\">Principe de l\u2019hydro d\u00e9capage<\/h3>\n<p data-start=\"2302\" data-end=\"2325\">Cette m\u00e9thode permet :<\/p>\n<ul data-start=\"2477\" data-end=\"2599\">\n<li data-start=\"2477\" data-end=\"2516\">\n<p data-start=\"2479\" data-end=\"2516\">l\u2019\u00e9limination des peintures d\u00e9grad\u00e9es<\/p>\n<\/li>\n<li data-start=\"2517\" data-end=\"2551\">\n<p data-start=\"2519\" data-end=\"2551\">la suppression des sels solubles<\/p>\n<\/li>\n<li data-start=\"2552\" data-end=\"2599\">\n<p data-start=\"2554\" data-end=\"2599\">la pr\u00e9paration avant rev\u00eatement anticorrosion<\/p>\n<\/li>\n<\/ul>\n<h3 data-start=\"2606\" data-end=\"2643\">Avantages de l\u2019hydro d\u00e9capage<\/h3>\n<ul data-start=\"2645\" data-end=\"2788\">\n<li data-start=\"2645\" data-end=\"2671\">\n<p data-start=\"2647\" data-end=\"2671\">R\u00e9duction des poussi\u00e8res<\/p>\n<\/li>\n<li data-start=\"2672\" data-end=\"2709\">\n<p data-start=\"2674\" data-end=\"2709\">M\u00e9thode adapt\u00e9e aux sites sensibles<\/p>\n<\/li>\n<li data-start=\"2710\" data-end=\"2750\">\n<p data-start=\"2712\" data-end=\"2750\">Pr\u00e9servation de l\u2019int\u00e9grit\u00e9 du support<\/p>\n<\/li>\n<li data-start=\"2751\" data-end=\"2788\">\n<p data-start=\"2753\" data-end=\"2788\">Id\u00e9al pour maintenance industrielle<\/p>\n<\/li>\n<\/ul>\n<p>[\/et_pb_text][\/et_pb_column][\/et_pb_row][et_pb_row _builder_version=\u00a0\u00bb4.27.4&Prime; _module_preset=\u00a0\u00bbdefault\u00a0\u00bb global_colors_info=\u00a0\u00bb{}\u00a0\u00bb][et_pb_column type=\u00a0\u00bb4_4&Prime; _builder_version=\u00a0\u00bb4.19.2&Prime; _module_preset=\u00a0\u00bbdefault\u00a0\u00bb custom_padding_tablet=\u00a0\u00bb||30px||false|false\u00a0\u00bb custom_padding_phone=\u00a0\u00bb||30px||false|false\u00a0\u00bb custom_padding_last_edited=\u00a0\u00bbon|tablet\u00a0\u00bb global_colors_info=\u00a0\u00bb{}\u00a0\u00bb][et_pb_image src=\u00a0\u00bbhttps:\/\/www.drj-solutions.fr\/wp-content\/uploads\/2026\/02\/WhatsApp-Image-2026-02-09-at-16.34.34.jpeg\u00a0\u00bb title_text=\u00a0\u00bbWhatsApp Image 2026-02-09 at 16.34.34&Prime; _builder_version=\u00a0\u00bb4.27.4&Prime; _module_preset=\u00a0\u00bbdefault\u00a0\u00bb module_alignment=\u00a0\u00bbcenter\u00a0\u00bb custom_margin=\u00a0\u00bb||||false|false\u00a0\u00bb global_colors_info=\u00a0\u00bb{}\u00a0\u00bb][\/et_pb_image][\/et_pb_column][\/et_pb_row][\/et_pb_section]<\/p>\n","protected":false},"excerpt":{"rendered":"<p>HYDRO D\u00c9CAPAGEHydro d\u00e9capage haute pressionL\u2019hydro d\u00e9capage\u00a0est une technique de pr\u00e9paration de surface par projection d\u2019eau \u00e0 tr\u00e8s haute pression, permettant d\u2019\u00e9liminer rev\u00eatements, corrosion et contaminants sans abrasion m\u00e9canique.Principe de l\u2019hydro d\u00e9capage Cette m\u00e9thode permet : l\u2019\u00e9limination des peintures d\u00e9grad\u00e9es la suppression des sels solubles la pr\u00e9paration avant rev\u00eatement anticorrosion Avantages de l\u2019hydro d\u00e9capage R\u00e9duction des [&hellip;]<\/p>\n","protected":false},"author":1,"featured_media":0,"parent":0,"menu_order":0,"comment_status":"closed","ping_status":"closed","template":"","meta":{"_et_pb_use_builder":"on","_et_pb_old_content":"","_et_gb_content_width":"","footnotes":""},"class_list":["post-1207","page","type-page","status-publish","hentry"],"_links":{"self":[{"href":"https:\/\/www.drj-solutions.fr\/index.php\/wp-json\/wp\/v2\/pages\/1207","targetHints":{"allow":["GET"]}}],"collection":[{"href":"https:\/\/www.drj-solutions.fr\/index.php\/wp-json\/wp\/v2\/pages"}],"about":[{"href":"https:\/\/www.drj-solutions.fr\/index.php\/wp-json\/wp\/v2\/types\/page"}],"author":[{"embeddable":true,"href":"https:\/\/www.drj-solutions.fr\/index.php\/wp-json\/wp\/v2\/users\/1"}],"replies":[{"embeddable":true,"href":"https:\/\/www.drj-solutions.fr\/index.php\/wp-json\/wp\/v2\/comments?post=1207"}],"version-history":[{"count":4,"href":"https:\/\/www.drj-solutions.fr\/index.php\/wp-json\/wp\/v2\/pages\/1207\/revisions"}],"predecessor-version":[{"id":1547,"href":"https:\/\/www.drj-solutions.fr\/index.php\/wp-json\/wp\/v2\/pages\/1207\/revisions\/1547"}],"wp:attachment":[{"href":"https:\/\/www.drj-solutions.fr\/index.php\/wp-json\/wp\/v2\/media?parent=1207"}],"curies":[{"name":"wp","href":"https:\/\/api.w.org\/{rel}","templated":true}]}}