{"id":1203,"date":"2026-02-24T08:49:49","date_gmt":"2026-02-24T08:49:49","guid":{"rendered":"https:\/\/www.drj-solutions.fr\/?page_id=1203"},"modified":"2026-02-27T13:31:00","modified_gmt":"2026-02-27T13:31:00","slug":"grenaillage","status":"publish","type":"page","link":"https:\/\/www.drj-solutions.fr\/index.php\/grenaillage\/","title":{"rendered":"GRENAILLAGE"},"content":{"rendered":"<p>[et_pb_section fb_built=\u00a0\u00bb1&Prime; admin_label=\u00a0\u00bbHeader\u00a0\u00bb _builder_version=\u00a0\u00bb4.27.4&Prime; _module_preset=\u00a0\u00bbdefault\u00a0\u00bb use_background_color_gradient=\u00a0\u00bbon\u00a0\u00bb background_color_gradient_stops=\u00a0\u00bb#d8d9dd 0%|rgba(223,226,231,0.8) 40%\u00a0\u00bb background_color_gradient_overlays_image=\u00a0\u00bbon\u00a0\u00bb background_image=\u00a0\u00bbhttps:\/\/www.drj-solutions.fr\/wp-content\/uploads\/2026\/01\/WhatsApp-Image-2026-01-12-at-15.17.37-1-e1771931803566.jpeg\u00a0\u00bb overflow-x=\u00a0\u00bbhidden\u00a0\u00bb overflow-y=\u00a0\u00bbhidden\u00a0\u00bb locked=\u00a0\u00bboff\u00a0\u00bb collapsed=\u00a0\u00bbon\u00a0\u00bb global_colors_info=\u00a0\u00bb{}\u00a0\u00bb][et_pb_row column_structure=\u00a0\u00bb1_2,1_2&Prime; _builder_version=\u00a0\u00bb4.19.2&Prime; _module_preset=\u00a0\u00bbdefault\u00a0\u00bb global_colors_info=\u00a0\u00bb{}\u00a0\u00bb][et_pb_column type=\u00a0\u00bb1_2&Prime; _builder_version=\u00a0\u00bb4.19.2&Prime; _module_preset=\u00a0\u00bbdefault\u00a0\u00bb global_colors_info=\u00a0\u00bb{}\u00a0\u00bb][et_pb_text _builder_version=\u00a0\u00bb4.27.4&Prime; _module_preset=\u00a0\u00bb2da3d653-691e-4798-8e1b-9ac1ad689f90&Prime; hover_enabled=\u00a0\u00bb0&Prime; global_colors_info=\u00a0\u00bb{}\u00a0\u00bb header_font_size=\u00a0\u00bb59px\u00a0\u00bb sticky_enabled=\u00a0\u00bb0&Prime;]<\/p>\n<h1>GRENAILLAGE<\/h1>\n<p>[\/et_pb_text][\/et_pb_column][et_pb_column type=\u00a0\u00bb1_2&Prime; _builder_version=\u00a0\u00bb4.19.2&Prime; _module_preset=\u00a0\u00bbdefault\u00a0\u00bb global_colors_info=\u00a0\u00bb{}\u00a0\u00bb][et_pb_image src=\u00a0\u00bbhttps:\/\/www.drj-solutions.fr\/wp-content\/uploads\/2025\/12\/DRJ-Solutions-theme-5-2.png\u00a0\u00bb title_text=\u00a0\u00bbDRJ Solutions theme -5-2&Prime; _builder_version=\u00a0\u00bb4.27.4&Prime; _module_preset=\u00a0\u00bbdefault\u00a0\u00bb positioning=\u00a0\u00bbabsolute\u00a0\u00bb position_origin_a=\u00a0\u00bbcenter_left\u00a0\u00bb width=\u00a0\u00bb100%\u00a0\u00bb global_colors_info=\u00a0\u00bb{}\u00a0\u00bb][\/et_pb_image][\/et_pb_column][\/et_pb_row][\/et_pb_section][et_pb_section fb_built=\u00a0\u00bb1&Prime; admin_label=\u00a0\u00bbProject\u00a0\u00bb _builder_version=\u00a0\u00bb4.19.2&Prime; _module_preset=\u00a0\u00bbdefault\u00a0\u00bb custom_padding=\u00a0\u00bb0px||||false|false\u00a0\u00bb collapsed=\u00a0\u00bbon\u00a0\u00bb global_colors_info=\u00a0\u00bb{}\u00a0\u00bb][et_pb_row _builder_version=\u00a0\u00bb4.19.2&Prime; _module_preset=\u00a0\u00bbdefault\u00a0\u00bb global_colors_info=\u00a0\u00bb{}\u00a0\u00bb][et_pb_column type=\u00a0\u00bb4_4&Prime; _builder_version=\u00a0\u00bb4.19.2&Prime; _module_preset=\u00a0\u00bbdefault\u00a0\u00bb custom_padding_tablet=\u00a0\u00bb||30px||false|false\u00a0\u00bb custom_padding_phone=\u00a0\u00bb||30px||false|false\u00a0\u00bb custom_padding_last_edited=\u00a0\u00bbon|tablet\u00a0\u00bb global_colors_info=\u00a0\u00bb{}\u00a0\u00bb][et_pb_text _builder_version=\u00a0\u00bb4.27.4&Prime; _module_preset=\u00a0\u00bb2c44cc00-512e-4f28-ab68-3a649613a080&Prime; custom_margin=\u00a0\u00bb||0px||false|false\u00a0\u00bb global_colors_info=\u00a0\u00bb{}\u00a0\u00bb]<\/p>\n<h2 data-start=\"299\" data-end=\"381\"><span>Grenaillage pour pr\u00e9paration de surface et traitement anticorrosion<\/span><\/h2>\n<p>[\/et_pb_text][et_pb_text _builder_version=\u00a0\u00bb4.27.4&Prime; _module_preset=\u00a0\u00bb5414981b-7816-4063-86b8-1d887acd1d20&Prime; global_colors_info=\u00a0\u00bb{}\u00a0\u00bb]<\/p>\n<p data-start=\"313\" data-end=\"523\">Le <strong data-start=\"316\" data-end=\"342\">grenaillage<\/strong>\u00a0est un proc\u00e9d\u00e9 m\u00e9canique de pr\u00e9paration de surface permettant de nettoyer, d\u00e9caper et uniformiser les supports m\u00e9talliques avant application de peinture ou de rev\u00eatement technique.<\/p>\n<p data-start=\"525\" data-end=\"733\">Nous r\u00e9alisons des op\u00e9rations de grenaillage en atelier et en cabine sp\u00e9cialis\u00e9e afin d\u2019assurer un niveau de propret\u00e9 et de rugosit\u00e9 conforme aux exigences industrielles les plus strictes.<\/p>\n<p data-start=\"525\" data-end=\"733\">\n<p data-start=\"920\" data-end=\"1048\">Le grenaillage consiste \u00e0 projeter \u00e0 grande vitesse des abrasifs m\u00e9talliques sur une surface afin de :<\/p>\n<ul data-start=\"1050\" data-end=\"1244\">\n<li data-start=\"1050\" data-end=\"1087\">\n<p data-start=\"1052\" data-end=\"1087\">\u00e9liminer la rouille et la calamine,<\/p>\n<\/li>\n<li data-start=\"1088\" data-end=\"1132\">\n<p data-start=\"1090\" data-end=\"1132\">retirer les anciennes couches de peinture,<\/p>\n<\/li>\n<li data-start=\"1133\" data-end=\"1173\">\n<p data-start=\"1135\" data-end=\"1173\">supprimer les impuret\u00e9s et oxydations,<\/p>\n<\/li>\n<li data-start=\"1174\" data-end=\"1244\">\n<p data-start=\"1176\" data-end=\"1244\">cr\u00e9er une rugosit\u00e9 contr\u00f4l\u00e9e favorisant l\u2019adh\u00e9rence des rev\u00eatements.<\/p>\n<\/li>\n<\/ul>\n<p data-start=\"1246\" data-end=\"1454\">Contrairement au sablage traditionnel, le grenaillage fonctionne g\u00e9n\u00e9ralement en circuit ferm\u00e9 avec r\u00e9cup\u00e9ration et recyclage des abrasifs, ce qui le rend particuli\u00e8rement adapt\u00e9 aux environnements ma\u00eetris\u00e9s.<\/p>\n<p>[\/et_pb_text][\/et_pb_column][\/et_pb_row][et_pb_row column_structure=\u00a0\u00bb1_2,1_2&Prime; _builder_version=\u00a0\u00bb4.19.2&Prime; _module_preset=\u00a0\u00bbdefault\u00a0\u00bb global_colors_info=\u00a0\u00bb{}\u00a0\u00bb][et_pb_column type=\u00a0\u00bb1_2&Prime; _builder_version=\u00a0\u00bb4.19.2&Prime; _module_preset=\u00a0\u00bbdefault\u00a0\u00bb custom_padding_tablet=\u00a0\u00bb||30px||false|false\u00a0\u00bb custom_padding_phone=\u00a0\u00bb||30px||false|false\u00a0\u00bb custom_padding_last_edited=\u00a0\u00bbon|tablet\u00a0\u00bb global_colors_info=\u00a0\u00bb{}\u00a0\u00bb][et_pb_image src=\u00a0\u00bbhttps:\/\/www.drj-solutions.fr\/wp-content\/uploads\/2026\/02\/WhatsApp-Image-2026-02-27-at-14.26.20-1.jpeg\u00a0\u00bb _builder_version=\u00a0\u00bb4.27.4&Prime; _module_preset=\u00a0\u00bbdefault\u00a0\u00bb title_text=\u00a0\u00bbgrenaillage_img\u00a0\u00bb hover_enabled=\u00a0\u00bb0&Prime; sticky_enabled=\u00a0\u00bb0&Prime;][\/et_pb_image][\/et_pb_column][et_pb_column type=\u00a0\u00bb1_2&Prime; _builder_version=\u00a0\u00bb4.19.2&Prime; _module_preset=\u00a0\u00bbdefault\u00a0\u00bb global_colors_info=\u00a0\u00bb{}\u00a0\u00bb][et_pb_image src=\u00a0\u00bbhttps:\/\/www.drj-solutions.fr\/wp-content\/uploads\/2026\/02\/WhatsApp-Image-2026-02-27-at-14.29.07.jpeg\u00a0\u00bb _builder_version=\u00a0\u00bb4.27.4&Prime; _module_preset=\u00a0\u00bbdefault\u00a0\u00bb title_text=\u00a0\u00bbgrenaillage_img2&Prime; hover_enabled=\u00a0\u00bb0&Prime; sticky_enabled=\u00a0\u00bb0&Prime;][\/et_pb_image][\/et_pb_column][\/et_pb_row][\/et_pb_section]<\/p>\n","protected":false},"excerpt":{"rendered":"<p>GRENAILLAGEGrenaillage pour pr\u00e9paration de surface et traitement anticorrosionLe grenaillage\u00a0est un proc\u00e9d\u00e9 m\u00e9canique de pr\u00e9paration de surface permettant de nettoyer, d\u00e9caper et uniformiser les supports m\u00e9talliques avant application de peinture ou de rev\u00eatement technique. Nous r\u00e9alisons des op\u00e9rations de grenaillage en atelier et en cabine sp\u00e9cialis\u00e9e afin d\u2019assurer un niveau de propret\u00e9 et de rugosit\u00e9 conforme [&hellip;]<\/p>\n","protected":false},"author":1,"featured_media":0,"parent":0,"menu_order":0,"comment_status":"closed","ping_status":"closed","template":"","meta":{"_et_pb_use_builder":"on","_et_pb_old_content":"","_et_gb_content_width":"","footnotes":""},"class_list":["post-1203","page","type-page","status-publish","hentry"],"_links":{"self":[{"href":"https:\/\/www.drj-solutions.fr\/index.php\/wp-json\/wp\/v2\/pages\/1203","targetHints":{"allow":["GET"]}}],"collection":[{"href":"https:\/\/www.drj-solutions.fr\/index.php\/wp-json\/wp\/v2\/pages"}],"about":[{"href":"https:\/\/www.drj-solutions.fr\/index.php\/wp-json\/wp\/v2\/types\/page"}],"author":[{"embeddable":true,"href":"https:\/\/www.drj-solutions.fr\/index.php\/wp-json\/wp\/v2\/users\/1"}],"replies":[{"embeddable":true,"href":"https:\/\/www.drj-solutions.fr\/index.php\/wp-json\/wp\/v2\/comments?post=1203"}],"version-history":[{"count":5,"href":"https:\/\/www.drj-solutions.fr\/index.php\/wp-json\/wp\/v2\/pages\/1203\/revisions"}],"predecessor-version":[{"id":1546,"href":"https:\/\/www.drj-solutions.fr\/index.php\/wp-json\/wp\/v2\/pages\/1203\/revisions\/1546"}],"wp:attachment":[{"href":"https:\/\/www.drj-solutions.fr\/index.php\/wp-json\/wp\/v2\/media?parent=1203"}],"curies":[{"name":"wp","href":"https:\/\/api.w.org\/{rel}","templated":true}]}}